{"id":6196,"date":"2025-07-14T12:47:41","date_gmt":"2025-07-14T10:47:41","guid":{"rendered":"https:\/\/revolutiongalaxy.com\/?post_type=product&#038;p=6196"},"modified":"2025-10-06T13:11:56","modified_gmt":"2025-10-06T11:11:56","slug":"revolution-galaxy-x-196","status":"publish","type":"product","link":"https:\/\/revolutiongalaxy.com\/index.php\/product\/revolution-galaxy-x-196\/","title":{"rendered":"REVOLUTION Galaxy X-196"},"content":{"rendered":"<p>&nbsp;<\/p>\n<table border=\"0\" width=\"100%\">\n<tbody>\n<tr>\n<td width=\"25%\"><strong data-start=\"1622\" data-end=\"1638\">Alimentation :<\/strong><\/td>\n<td width=\"25%\">12V 2A<\/td>\n<td width=\"25%\"><strong>Processeur :<\/strong><\/td>\n<td width=\"25%\">Allwinner H313<\/td>\n<\/tr>\n<tr>\n<td width=\"25%\"><strong>Wifi<\/strong> :<\/td>\n<td width=\"25%\">oui<\/td>\n<td width=\"25%\"><strong>Reseau :<\/strong><\/td>\n<td width=\"25%\">\u00a010\/100M<\/td>\n<\/tr>\n<tr>\n<td width=\"25%\"><strong>PORT USB :<\/strong><\/td>\n<td width=\"25%\">2<\/td>\n<td width=\"25%\"><strong>Port HDMI :<\/strong><\/td>\n<td width=\"25%\">1<\/td>\n<\/tr>\n<tr>\n<td width=\"25%\"><strong data-start=\"1031\" data-end=\"1044\">Bluetooth :<\/strong><\/td>\n<td width=\"25%\">Non<\/td>\n<td width=\"25%\"><strong>Afficheur :<\/strong><\/td>\n<td width=\"25%\">Ext\u00e9rieur<\/td>\n<\/tr>\n<tr>\n<td width=\"25%\"><strong> Power Consumption :<\/strong><\/td>\n<td width=\"25%\">Moins de 10 watts<\/td>\n<td width=\"25%\">\n<p style=\"text-align: left;\" data-start=\"671\" data-end=\"704\"><strong>System Android :<\/strong><\/p>\n<\/td>\n<td width=\"25%\">14<\/td>\n<\/tr>\n<tr>\n<td width=\"25%\"><strong>Format Video :<\/strong><\/td>\n<td width=\"25%\">4K\u00a0 \u00a0 H.265 Main<\/td>\n<td width=\"25%\"><\/td>\n<td width=\"25%\"><\/td>\n<\/tr>\n<\/tbody>\n<\/table>\n<p>&nbsp;<\/p>\n","protected":false},"excerpt":{"rendered":"<div class=\"single-product-wrapper\">\n<div class=\"summary entry-summary\">\n<div class=\"woocommerce-product-details__short-description\">\n<ul>\n<li data-start=\"89\" data-end=\"182\">\n<pre><strong>R\u00e9cepteur multim\u00e9dia Android TV avec processeu<\/strong><strong>\u00a0\r\nAllwinner H313 Quad-core ARM Cortex-A53<\/strong><\/pre>\n<\/li>\n<\/ul>\n<ul>\n<li data-start=\"183\" data-end=\"253\">\n<pre data-start=\"185\" data-end=\"253\"><strong>GPU Mali-G31 MP2, supporte OpenGL ES 3.2, \r\nVulkan 1.1, OpenCL 2.0<\/strong><\/pre>\n<\/li>\n<li data-start=\"254\" data-end=\"324\">\n<pre data-start=\"256\" data-end=\"324\"><strong>D\u00e9codage vid\u00e9o jusqu\u2019\u00e0 4K @ 60fps, \r\ncompatible H.265 Main 10@L5.1<\/strong><\/pre>\n<\/li>\n<li data-start=\"325\" data-end=\"378\">\n<pre data-start=\"327\" data-end=\"378\"><strong>Syst\u00e8me Android TV 14 avec mises \u00e0 jour OTA<\/strong><\/pre>\n<\/li>\n<li data-start=\"379\" data-end=\"449\">\n<pre data-start=\"381\" data-end=\"449\"><strong>Connectivit\u00e9 : Ethernet 10\/100M + WiFi Dual-Band (2.4G \/ 5G)<\/strong><\/pre>\n<\/li>\n<li data-start=\"450\" data-end=\"470\">\n<pre data-start=\"452\" data-end=\"470\"><strong data-start=\"452\" data-end=\"470\">Sans Bluetooth<\/strong><\/pre>\n<\/li>\n<li data-start=\"471\" data-end=\"548\">\n<pre data-start=\"473\" data-end=\"548\"><strong>Sorties vid\u00e9o : HDMI (4K) et CVBS<\/strong><\/pre>\n<\/li>\n<li data-start=\"549\" data-end=\"595\">\n<pre data-start=\"551\" data-end=\"595\"><strong>Ports : USB 2<\/strong><\/pre>\n<\/li>\n<li data-start=\"596\" data-end=\"638\">\n<pre data-start=\"598\" data-end=\"638\"><strong data-start=\"598\" data-end=\"638\">Affichage sur \u00e9cran externe via HDMI<\/strong><\/pre>\n<\/li>\n<li data-start=\"639\" data-end=\"688\">\n<pre data-start=\"641\" data-end=\"688\"><strong>Alimentation : 12v<\/strong><\/pre>\n<\/li>\n<li>\n<pre><strong>Faible consommation d\u2019\u00e9nergie (~5-10W)<\/strong><\/pre>\n<\/li>\n<\/ul>\n<\/div>\n<\/div>\n<\/div>\n","protected":false},"featured_media":6206,"template":"","meta":[],"product_cat":[15,227],"product_tag":[],"class_list":["post-6196","product","type-product","status-publish","has-post-thumbnail","hentry","product_cat-uncategorized","product_cat-recepteur-numerique"],"yoast_head":"<!-- This site is optimized with the Yoast SEO plugin v21.6 - https:\/\/yoast.com\/wordpress\/plugins\/seo\/ -->\n<title>REVOLUTION Galaxy X-196 - R\u00e9volution Galaxy<\/title>\n<meta name=\"robots\" content=\"index, follow, max-snippet:-1, max-image-preview:large, max-video-preview:-1\" \/>\n<link rel=\"canonical\" href=\"https:\/\/revolutiongalaxy.com\/index.php\/product\/revolution-galaxy-x-196\/\" \/>\n<meta property=\"og:locale\" content=\"fr_FR\" \/>\n<meta property=\"og:type\" content=\"article\" \/>\n<meta property=\"og:title\" content=\"REVOLUTION Galaxy X-196 - R\u00e9volution Galaxy\" \/>\n<meta property=\"og:description\" content=\"R\u00e9cepteur multim\u00e9dia Android TV avec processeu\u00a0 Allwinner H313 Quad-core ARM Cortex-A53      GPU Mali-G31 MP2, supporte OpenGL ES 3.2,  Vulkan 1.1, OpenCL 2.0    D\u00e9codage vid\u00e9o jusqu\u2019\u00e0 4K @ 60fps,  compatible H.265 Main 10@L5.1    Syst\u00e8me Android TV 14 avec mises \u00e0 jour OTA    Connectivit\u00e9 : Ethernet 10\/100M + WiFi Dual-Band (2.4G \/ 5G)    Sans Bluetooth    Sorties vid\u00e9o : HDMI (4K) et CVBS    Ports : USB 2    Affichage sur \u00e9cran externe via HDMI    Alimentation : 12v    Faible consommation d\u2019\u00e9nergie (~5-10W)\" \/>\n<meta property=\"og:url\" content=\"https:\/\/revolutiongalaxy.com\/index.php\/product\/revolution-galaxy-x-196\/\" \/>\n<meta property=\"og:site_name\" content=\"R\u00e9volution Galaxy\" \/>\n<meta property=\"article:publisher\" content=\"https:\/\/www.facebook.com\/profile.php?id=100071175250346\" \/>\n<meta property=\"article:modified_time\" content=\"2025-10-06T11:11:56+00:00\" \/>\n<meta property=\"og:image\" content=\"https:\/\/revolutiongalaxy.com\/wp-content\/uploads\/2025\/07\/X196.jpg\" \/>\n\t<meta property=\"og:image:width\" content=\"1600\" \/>\n\t<meta property=\"og:image:height\" content=\"1498\" \/>\n\t<meta property=\"og:image:type\" content=\"image\/jpeg\" \/>\n<meta name=\"twitter:card\" content=\"summary_large_image\" \/>\n<meta name=\"twitter:label1\" content=\"Dur\u00e9e de lecture estim\u00e9e\" \/>\n\t<meta name=\"twitter:data1\" content=\"1 minute\" \/>\n<script type=\"application\/ld+json\" class=\"yoast-schema-graph\">{\"@context\":\"https:\/\/schema.org\",\"@graph\":[{\"@type\":\"WebPage\",\"@id\":\"https:\/\/revolutiongalaxy.com\/index.php\/product\/revolution-galaxy-x-196\/\",\"url\":\"https:\/\/revolutiongalaxy.com\/index.php\/product\/revolution-galaxy-x-196\/\",\"name\":\"REVOLUTION Galaxy X-196 - R\u00e9volution Galaxy\",\"isPartOf\":{\"@id\":\"https:\/\/revolutiongalaxy.com\/#website\"},\"datePublished\":\"2025-07-14T10:47:41+00:00\",\"dateModified\":\"2025-10-06T11:11:56+00:00\",\"breadcrumb\":{\"@id\":\"https:\/\/revolutiongalaxy.com\/index.php\/product\/revolution-galaxy-x-196\/#breadcrumb\"},\"inLanguage\":\"fr-FR\",\"potentialAction\":[{\"@type\":\"ReadAction\",\"target\":[\"https:\/\/revolutiongalaxy.com\/index.php\/product\/revolution-galaxy-x-196\/\"]}]},{\"@type\":\"BreadcrumbList\",\"@id\":\"https:\/\/revolutiongalaxy.com\/index.php\/product\/revolution-galaxy-x-196\/#breadcrumb\",\"itemListElement\":[{\"@type\":\"ListItem\",\"position\":1,\"name\":\"Accueil\",\"item\":\"https:\/\/revolutiongalaxy.com\/\"},{\"@type\":\"ListItem\",\"position\":2,\"name\":\"Boutique\",\"item\":\"https:\/\/revolutiongalaxy.com\/index.php\/shop-2\/\"},{\"@type\":\"ListItem\",\"position\":3,\"name\":\"REVOLUTION Galaxy X-196\"}]},{\"@type\":\"WebSite\",\"@id\":\"https:\/\/revolutiongalaxy.com\/#website\",\"url\":\"https:\/\/revolutiongalaxy.com\/\",\"name\":\"R\u00e9volutionGalaxy.com\",\"description\":\"Pour la qualit\u00e9 totale\",\"publisher\":{\"@id\":\"https:\/\/revolutiongalaxy.com\/#organization\"},\"potentialAction\":[{\"@type\":\"SearchAction\",\"target\":{\"@type\":\"EntryPoint\",\"urlTemplate\":\"https:\/\/revolutiongalaxy.com\/?s={search_term_string}\"},\"query-input\":\"required name=search_term_string\"}],\"inLanguage\":\"fr-FR\"},{\"@type\":\"Organization\",\"@id\":\"https:\/\/revolutiongalaxy.com\/#organization\",\"name\":\"R\u00e9volutionGalaxy.com\",\"url\":\"https:\/\/revolutiongalaxy.com\/\",\"logo\":{\"@type\":\"ImageObject\",\"inLanguage\":\"fr-FR\",\"@id\":\"https:\/\/revolutiongalaxy.com\/#\/schema\/logo\/image\/\",\"url\":\"https:\/\/revolutiongalaxy.com\/wp-content\/uploads\/2023\/09\/logo-revolution.webp\",\"contentUrl\":\"https:\/\/revolutiongalaxy.com\/wp-content\/uploads\/2023\/09\/logo-revolution.webp\",\"width\":686,\"height\":224,\"caption\":\"R\u00e9volutionGalaxy.com\"},\"image\":{\"@id\":\"https:\/\/revolutiongalaxy.com\/#\/schema\/logo\/image\/\"},\"sameAs\":[\"https:\/\/www.facebook.com\/profile.php?id=100071175250346\"]}]}<\/script>\n<!-- \/ Yoast SEO plugin. -->","yoast_head_json":{"title":"REVOLUTION Galaxy X-196 - R\u00e9volution Galaxy","robots":{"index":"index","follow":"follow","max-snippet":"max-snippet:-1","max-image-preview":"max-image-preview:large","max-video-preview":"max-video-preview:-1"},"canonical":"https:\/\/revolutiongalaxy.com\/index.php\/product\/revolution-galaxy-x-196\/","og_locale":"fr_FR","og_type":"article","og_title":"REVOLUTION Galaxy X-196 - R\u00e9volution Galaxy","og_description":"R\u00e9cepteur multim\u00e9dia Android TV avec processeu\u00a0 Allwinner H313 Quad-core ARM Cortex-A53      GPU Mali-G31 MP2, supporte OpenGL ES 3.2,  Vulkan 1.1, OpenCL 2.0    D\u00e9codage vid\u00e9o jusqu\u2019\u00e0 4K @ 60fps,  compatible H.265 Main 10@L5.1    Syst\u00e8me Android TV 14 avec mises \u00e0 jour OTA    Connectivit\u00e9 : Ethernet 10\/100M + WiFi Dual-Band (2.4G \/ 5G)    Sans Bluetooth    Sorties vid\u00e9o : HDMI (4K) et CVBS    Ports : USB 2    Affichage sur \u00e9cran externe via HDMI    Alimentation : 12v    Faible consommation d\u2019\u00e9nergie (~5-10W)","og_url":"https:\/\/revolutiongalaxy.com\/index.php\/product\/revolution-galaxy-x-196\/","og_site_name":"R\u00e9volution Galaxy","article_publisher":"https:\/\/www.facebook.com\/profile.php?id=100071175250346","article_modified_time":"2025-10-06T11:11:56+00:00","og_image":[{"width":1600,"height":1498,"url":"https:\/\/revolutiongalaxy.com\/wp-content\/uploads\/2025\/07\/X196.jpg","type":"image\/jpeg"}],"twitter_card":"summary_large_image","twitter_misc":{"Dur\u00e9e de lecture estim\u00e9e":"1 minute"},"schema":{"@context":"https:\/\/schema.org","@graph":[{"@type":"WebPage","@id":"https:\/\/revolutiongalaxy.com\/index.php\/product\/revolution-galaxy-x-196\/","url":"https:\/\/revolutiongalaxy.com\/index.php\/product\/revolution-galaxy-x-196\/","name":"REVOLUTION Galaxy X-196 - R\u00e9volution Galaxy","isPartOf":{"@id":"https:\/\/revolutiongalaxy.com\/#website"},"datePublished":"2025-07-14T10:47:41+00:00","dateModified":"2025-10-06T11:11:56+00:00","breadcrumb":{"@id":"https:\/\/revolutiongalaxy.com\/index.php\/product\/revolution-galaxy-x-196\/#breadcrumb"},"inLanguage":"fr-FR","potentialAction":[{"@type":"ReadAction","target":["https:\/\/revolutiongalaxy.com\/index.php\/product\/revolution-galaxy-x-196\/"]}]},{"@type":"BreadcrumbList","@id":"https:\/\/revolutiongalaxy.com\/index.php\/product\/revolution-galaxy-x-196\/#breadcrumb","itemListElement":[{"@type":"ListItem","position":1,"name":"Accueil","item":"https:\/\/revolutiongalaxy.com\/"},{"@type":"ListItem","position":2,"name":"Boutique","item":"https:\/\/revolutiongalaxy.com\/index.php\/shop-2\/"},{"@type":"ListItem","position":3,"name":"REVOLUTION Galaxy X-196"}]},{"@type":"WebSite","@id":"https:\/\/revolutiongalaxy.com\/#website","url":"https:\/\/revolutiongalaxy.com\/","name":"R\u00e9volutionGalaxy.com","description":"Pour la qualit\u00e9 totale","publisher":{"@id":"https:\/\/revolutiongalaxy.com\/#organization"},"potentialAction":[{"@type":"SearchAction","target":{"@type":"EntryPoint","urlTemplate":"https:\/\/revolutiongalaxy.com\/?s={search_term_string}"},"query-input":"required name=search_term_string"}],"inLanguage":"fr-FR"},{"@type":"Organization","@id":"https:\/\/revolutiongalaxy.com\/#organization","name":"R\u00e9volutionGalaxy.com","url":"https:\/\/revolutiongalaxy.com\/","logo":{"@type":"ImageObject","inLanguage":"fr-FR","@id":"https:\/\/revolutiongalaxy.com\/#\/schema\/logo\/image\/","url":"https:\/\/revolutiongalaxy.com\/wp-content\/uploads\/2023\/09\/logo-revolution.webp","contentUrl":"https:\/\/revolutiongalaxy.com\/wp-content\/uploads\/2023\/09\/logo-revolution.webp","width":686,"height":224,"caption":"R\u00e9volutionGalaxy.com"},"image":{"@id":"https:\/\/revolutiongalaxy.com\/#\/schema\/logo\/image\/"},"sameAs":["https:\/\/www.facebook.com\/profile.php?id=100071175250346"]}]}},"_links":{"self":[{"href":"https:\/\/revolutiongalaxy.com\/index.php\/wp-json\/wp\/v2\/product\/6196","targetHints":{"allow":["GET"]}}],"collection":[{"href":"https:\/\/revolutiongalaxy.com\/index.php\/wp-json\/wp\/v2\/product"}],"about":[{"href":"https:\/\/revolutiongalaxy.com\/index.php\/wp-json\/wp\/v2\/types\/product"}],"wp:featuredmedia":[{"embeddable":true,"href":"https:\/\/revolutiongalaxy.com\/index.php\/wp-json\/wp\/v2\/media\/6206"}],"wp:attachment":[{"href":"https:\/\/revolutiongalaxy.com\/index.php\/wp-json\/wp\/v2\/media?parent=6196"}],"wp:term":[{"taxonomy":"product_cat","embeddable":true,"href":"https:\/\/revolutiongalaxy.com\/index.php\/wp-json\/wp\/v2\/product_cat?post=6196"},{"taxonomy":"product_tag","embeddable":true,"href":"https:\/\/revolutiongalaxy.com\/index.php\/wp-json\/wp\/v2\/product_tag?post=6196"}],"curies":[{"name":"wp","href":"https:\/\/api.w.org\/{rel}","templated":true}]}}