{"id":6182,"date":"2025-07-14T12:49:45","date_gmt":"2025-07-14T10:49:45","guid":{"rendered":"https:\/\/revolutiongalaxy.com\/?post_type=product&#038;p=6182"},"modified":"2025-10-06T13:09:30","modified_gmt":"2025-10-06T11:09:30","slug":"espressocoffe-es-024","status":"publish","type":"product","link":"https:\/\/revolutiongalaxy.com\/index.php\/product\/espressocoffe-es-024\/","title":{"rendered":"ESPRESSOCOFFE ES-024"},"content":{"rendered":"<table style=\"height: 256px;\" width=\"920\">\n<tbody>\n<tr>\n<td style=\"width: 30%;\">\n<h3><img loading=\"lazy\" decoding=\"async\" class=\"alignnone size-full wp-image-6185\" src=\"https:\/\/revolutiongalaxy.com\/wp-content\/uploads\/2025\/07\/DSC_6447-\u526f\u672c-scaled.jpg\" alt=\"\" width=\"2350\" height=\"2560\" srcset=\"https:\/\/revolutiongalaxy.com\/wp-content\/uploads\/2025\/07\/DSC_6447-\u526f\u672c-scaled.jpg 2350w, https:\/\/revolutiongalaxy.com\/wp-content\/uploads\/2025\/07\/DSC_6447-\u526f\u672c-275x300.jpg 275w, https:\/\/revolutiongalaxy.com\/wp-content\/uploads\/2025\/07\/DSC_6447-\u526f\u672c-945x1030.jpg 945w, https:\/\/revolutiongalaxy.com\/wp-content\/uploads\/2025\/07\/DSC_6447-\u526f\u672c-768x837.jpg 768w, https:\/\/revolutiongalaxy.com\/wp-content\/uploads\/2025\/07\/DSC_6447-\u526f\u672c-1410x1536.jpg 1410w, https:\/\/revolutiongalaxy.com\/wp-content\/uploads\/2025\/07\/DSC_6447-\u526f\u672c-1880x2048.jpg 1880w, https:\/\/revolutiongalaxy.com\/wp-content\/uploads\/2025\/07\/DSC_6447-\u526f\u672c-600x654.jpg 600w\" sizes=\"auto, (max-width: 2350px) 100vw, 2350px\" \/><\/h3>\n<\/td>\n<td>\n<ul>\n<li><strong>Pompe haute pression 20 bars<\/strong><\/li>\n<li><strong>\u00c9cran tactile<\/strong><\/li>\n<li><strong>3 options de temp\u00e9rature<\/strong><\/li>\n<li><strong>Types d&#8217;adaptateurs : Nespresso<\/strong><br \/>\n<strong>capsule,Dolce Gusto capsule, K cup<\/strong><br \/>\n<strong>capsule (powder), A Modo; Mio<\/strong><br \/>\n<strong>capsule, ESE Pod americano<\/strong><\/li>\n<li><strong>R\u00e9servoir d&#8217;eau transparent amovible <\/strong><strong>(1 L)<\/strong><\/li>\n<li><strong>Protection contre la surchauffe et la<\/strong><br \/>\n<strong>surpression<\/strong><\/li>\n<\/ul>\n<\/td>\n<td style=\"width: 30%;\"><img loading=\"lazy\" decoding=\"async\" class=\"alignnone size-full wp-image-6184\" src=\"https:\/\/revolutiongalaxy.com\/wp-content\/uploads\/2025\/07\/RED-1-scaled.jpg\" alt=\"\" width=\"2147\" height=\"2560\" srcset=\"https:\/\/revolutiongalaxy.com\/wp-content\/uploads\/2025\/07\/RED-1-scaled.jpg 2147w, https:\/\/revolutiongalaxy.com\/wp-content\/uploads\/2025\/07\/RED-1-252x300.jpg 252w, https:\/\/revolutiongalaxy.com\/wp-content\/uploads\/2025\/07\/RED-1-864x1030.jpg 864w, https:\/\/revolutiongalaxy.com\/wp-content\/uploads\/2025\/07\/RED-1-768x916.jpg 768w, https:\/\/revolutiongalaxy.com\/wp-content\/uploads\/2025\/07\/RED-1-1288x1536.jpg 1288w, https:\/\/revolutiongalaxy.com\/wp-content\/uploads\/2025\/07\/RED-1-1718x2048.jpg 1718w, https:\/\/revolutiongalaxy.com\/wp-content\/uploads\/2025\/07\/RED-1-600x715.jpg 600w\" sizes=\"auto, (max-width: 2147px) 100vw, 2147px\" \/><\/td>\n<\/tr>\n<\/tbody>\n<\/table>\n","protected":false},"excerpt":{"rendered":"<p>Pompe haute pression 20 bars \u00c9cran tactile 3 options de temp\u00e9rature Types d&#8217;adaptateurs : Nespresso capsule,Dolce Gusto capsule, K cup capsule (powder), A Modo; Mio capsule, ESE Pod americano R\u00e9servoir<\/p>\n","protected":false},"featured_media":6188,"template":"","meta":[],"product_cat":[228,242],"product_tag":[],"class_list":["post-6182","product","type-product","status-publish","has-post-thumbnail","hentry","product_cat-electromenagers","product_cat-petit-electromenager"],"yoast_head":"<!-- This site is optimized with the Yoast SEO plugin v21.6 - https:\/\/yoast.com\/wordpress\/plugins\/seo\/ -->\n<title>ESPRESSOCOFFE ES-024 - R\u00e9volution Galaxy<\/title>\n<meta name=\"robots\" content=\"index, follow, max-snippet:-1, max-image-preview:large, max-video-preview:-1\" \/>\n<link rel=\"canonical\" href=\"https:\/\/revolutiongalaxy.com\/index.php\/product\/espressocoffe-es-024\/\" \/>\n<meta property=\"og:locale\" content=\"fr_FR\" \/>\n<meta property=\"og:type\" content=\"article\" \/>\n<meta property=\"og:title\" content=\"ESPRESSOCOFFE ES-024 - R\u00e9volution Galaxy\" \/>\n<meta property=\"og:description\" content=\"Pompe haute pression 20 bars \u00c9cran tactile 3 options de temp\u00e9rature Types d&#8217;adaptateurs : Nespresso capsule,Dolce Gusto capsule, K cup capsule (powder), A Modo; Mio capsule, ESE Pod americano R\u00e9servoir\" \/>\n<meta property=\"og:url\" content=\"https:\/\/revolutiongalaxy.com\/index.php\/product\/espressocoffe-es-024\/\" \/>\n<meta property=\"og:site_name\" content=\"R\u00e9volution Galaxy\" \/>\n<meta property=\"article:publisher\" content=\"https:\/\/www.facebook.com\/profile.php?id=100071175250346\" \/>\n<meta property=\"article:modified_time\" content=\"2025-10-06T11:09:30+00:00\" \/>\n<meta property=\"og:image\" content=\"https:\/\/revolutiongalaxy.com\/wp-content\/uploads\/2025\/07\/DSC_6446-\u526f\u672c-scaled.jpg\" \/>\n\t<meta property=\"og:image:width\" content=\"2274\" \/>\n\t<meta property=\"og:image:height\" content=\"2560\" \/>\n\t<meta property=\"og:image:type\" content=\"image\/jpeg\" \/>\n<meta name=\"twitter:card\" content=\"summary_large_image\" \/>\n<meta name=\"twitter:label1\" content=\"Dur\u00e9e de lecture estim\u00e9e\" \/>\n\t<meta name=\"twitter:data1\" content=\"1 minute\" \/>\n<script type=\"application\/ld+json\" class=\"yoast-schema-graph\">{\"@context\":\"https:\/\/schema.org\",\"@graph\":[{\"@type\":\"WebPage\",\"@id\":\"https:\/\/revolutiongalaxy.com\/index.php\/product\/espressocoffe-es-024\/\",\"url\":\"https:\/\/revolutiongalaxy.com\/index.php\/product\/espressocoffe-es-024\/\",\"name\":\"ESPRESSOCOFFE ES-024 - R\u00e9volution Galaxy\",\"isPartOf\":{\"@id\":\"https:\/\/revolutiongalaxy.com\/#website\"},\"datePublished\":\"2025-07-14T10:49:45+00:00\",\"dateModified\":\"2025-10-06T11:09:30+00:00\",\"breadcrumb\":{\"@id\":\"https:\/\/revolutiongalaxy.com\/index.php\/product\/espressocoffe-es-024\/#breadcrumb\"},\"inLanguage\":\"fr-FR\",\"potentialAction\":[{\"@type\":\"ReadAction\",\"target\":[\"https:\/\/revolutiongalaxy.com\/index.php\/product\/espressocoffe-es-024\/\"]}]},{\"@type\":\"BreadcrumbList\",\"@id\":\"https:\/\/revolutiongalaxy.com\/index.php\/product\/espressocoffe-es-024\/#breadcrumb\",\"itemListElement\":[{\"@type\":\"ListItem\",\"position\":1,\"name\":\"Accueil\",\"item\":\"https:\/\/revolutiongalaxy.com\/\"},{\"@type\":\"ListItem\",\"position\":2,\"name\":\"Boutique\",\"item\":\"https:\/\/revolutiongalaxy.com\/index.php\/shop-2\/\"},{\"@type\":\"ListItem\",\"position\":3,\"name\":\"ESPRESSOCOFFE ES-024\"}]},{\"@type\":\"WebSite\",\"@id\":\"https:\/\/revolutiongalaxy.com\/#website\",\"url\":\"https:\/\/revolutiongalaxy.com\/\",\"name\":\"R\u00e9volutionGalaxy.com\",\"description\":\"Pour la qualit\u00e9 totale\",\"publisher\":{\"@id\":\"https:\/\/revolutiongalaxy.com\/#organization\"},\"potentialAction\":[{\"@type\":\"SearchAction\",\"target\":{\"@type\":\"EntryPoint\",\"urlTemplate\":\"https:\/\/revolutiongalaxy.com\/?s={search_term_string}\"},\"query-input\":\"required name=search_term_string\"}],\"inLanguage\":\"fr-FR\"},{\"@type\":\"Organization\",\"@id\":\"https:\/\/revolutiongalaxy.com\/#organization\",\"name\":\"R\u00e9volutionGalaxy.com\",\"url\":\"https:\/\/revolutiongalaxy.com\/\",\"logo\":{\"@type\":\"ImageObject\",\"inLanguage\":\"fr-FR\",\"@id\":\"https:\/\/revolutiongalaxy.com\/#\/schema\/logo\/image\/\",\"url\":\"https:\/\/revolutiongalaxy.com\/wp-content\/uploads\/2023\/09\/logo-revolution.webp\",\"contentUrl\":\"https:\/\/revolutiongalaxy.com\/wp-content\/uploads\/2023\/09\/logo-revolution.webp\",\"width\":686,\"height\":224,\"caption\":\"R\u00e9volutionGalaxy.com\"},\"image\":{\"@id\":\"https:\/\/revolutiongalaxy.com\/#\/schema\/logo\/image\/\"},\"sameAs\":[\"https:\/\/www.facebook.com\/profile.php?id=100071175250346\"]}]}<\/script>\n<!-- \/ Yoast SEO plugin. -->","yoast_head_json":{"title":"ESPRESSOCOFFE ES-024 - R\u00e9volution Galaxy","robots":{"index":"index","follow":"follow","max-snippet":"max-snippet:-1","max-image-preview":"max-image-preview:large","max-video-preview":"max-video-preview:-1"},"canonical":"https:\/\/revolutiongalaxy.com\/index.php\/product\/espressocoffe-es-024\/","og_locale":"fr_FR","og_type":"article","og_title":"ESPRESSOCOFFE ES-024 - R\u00e9volution Galaxy","og_description":"Pompe haute pression 20 bars \u00c9cran tactile 3 options de temp\u00e9rature Types d&#8217;adaptateurs : Nespresso capsule,Dolce Gusto capsule, K cup capsule (powder), A Modo; Mio capsule, ESE Pod americano R\u00e9servoir","og_url":"https:\/\/revolutiongalaxy.com\/index.php\/product\/espressocoffe-es-024\/","og_site_name":"R\u00e9volution Galaxy","article_publisher":"https:\/\/www.facebook.com\/profile.php?id=100071175250346","article_modified_time":"2025-10-06T11:09:30+00:00","og_image":[{"width":2274,"height":2560,"url":"https:\/\/revolutiongalaxy.com\/wp-content\/uploads\/2025\/07\/DSC_6446-\u526f\u672c-scaled.jpg","type":"image\/jpeg"}],"twitter_card":"summary_large_image","twitter_misc":{"Dur\u00e9e de lecture estim\u00e9e":"1 minute"},"schema":{"@context":"https:\/\/schema.org","@graph":[{"@type":"WebPage","@id":"https:\/\/revolutiongalaxy.com\/index.php\/product\/espressocoffe-es-024\/","url":"https:\/\/revolutiongalaxy.com\/index.php\/product\/espressocoffe-es-024\/","name":"ESPRESSOCOFFE ES-024 - R\u00e9volution Galaxy","isPartOf":{"@id":"https:\/\/revolutiongalaxy.com\/#website"},"datePublished":"2025-07-14T10:49:45+00:00","dateModified":"2025-10-06T11:09:30+00:00","breadcrumb":{"@id":"https:\/\/revolutiongalaxy.com\/index.php\/product\/espressocoffe-es-024\/#breadcrumb"},"inLanguage":"fr-FR","potentialAction":[{"@type":"ReadAction","target":["https:\/\/revolutiongalaxy.com\/index.php\/product\/espressocoffe-es-024\/"]}]},{"@type":"BreadcrumbList","@id":"https:\/\/revolutiongalaxy.com\/index.php\/product\/espressocoffe-es-024\/#breadcrumb","itemListElement":[{"@type":"ListItem","position":1,"name":"Accueil","item":"https:\/\/revolutiongalaxy.com\/"},{"@type":"ListItem","position":2,"name":"Boutique","item":"https:\/\/revolutiongalaxy.com\/index.php\/shop-2\/"},{"@type":"ListItem","position":3,"name":"ESPRESSOCOFFE ES-024"}]},{"@type":"WebSite","@id":"https:\/\/revolutiongalaxy.com\/#website","url":"https:\/\/revolutiongalaxy.com\/","name":"R\u00e9volutionGalaxy.com","description":"Pour la qualit\u00e9 totale","publisher":{"@id":"https:\/\/revolutiongalaxy.com\/#organization"},"potentialAction":[{"@type":"SearchAction","target":{"@type":"EntryPoint","urlTemplate":"https:\/\/revolutiongalaxy.com\/?s={search_term_string}"},"query-input":"required name=search_term_string"}],"inLanguage":"fr-FR"},{"@type":"Organization","@id":"https:\/\/revolutiongalaxy.com\/#organization","name":"R\u00e9volutionGalaxy.com","url":"https:\/\/revolutiongalaxy.com\/","logo":{"@type":"ImageObject","inLanguage":"fr-FR","@id":"https:\/\/revolutiongalaxy.com\/#\/schema\/logo\/image\/","url":"https:\/\/revolutiongalaxy.com\/wp-content\/uploads\/2023\/09\/logo-revolution.webp","contentUrl":"https:\/\/revolutiongalaxy.com\/wp-content\/uploads\/2023\/09\/logo-revolution.webp","width":686,"height":224,"caption":"R\u00e9volutionGalaxy.com"},"image":{"@id":"https:\/\/revolutiongalaxy.com\/#\/schema\/logo\/image\/"},"sameAs":["https:\/\/www.facebook.com\/profile.php?id=100071175250346"]}]}},"_links":{"self":[{"href":"https:\/\/revolutiongalaxy.com\/index.php\/wp-json\/wp\/v2\/product\/6182","targetHints":{"allow":["GET"]}}],"collection":[{"href":"https:\/\/revolutiongalaxy.com\/index.php\/wp-json\/wp\/v2\/product"}],"about":[{"href":"https:\/\/revolutiongalaxy.com\/index.php\/wp-json\/wp\/v2\/types\/product"}],"wp:featuredmedia":[{"embeddable":true,"href":"https:\/\/revolutiongalaxy.com\/index.php\/wp-json\/wp\/v2\/media\/6188"}],"wp:attachment":[{"href":"https:\/\/revolutiongalaxy.com\/index.php\/wp-json\/wp\/v2\/media?parent=6182"}],"wp:term":[{"taxonomy":"product_cat","embeddable":true,"href":"https:\/\/revolutiongalaxy.com\/index.php\/wp-json\/wp\/v2\/product_cat?post=6182"},{"taxonomy":"product_tag","embeddable":true,"href":"https:\/\/revolutiongalaxy.com\/index.php\/wp-json\/wp\/v2\/product_tag?post=6182"}],"curies":[{"name":"wp","href":"https:\/\/api.w.org\/{rel}","templated":true}]}}