{"id":6007,"date":"2024-05-27T13:06:33","date_gmt":"2024-05-27T11:06:33","guid":{"rendered":"https:\/\/revolutiongalaxy.com\/?post_type=product&#038;p=6007"},"modified":"2025-10-06T13:10:23","modified_gmt":"2025-10-06T11:10:23","slug":"air-fryer-r-af02","status":"publish","type":"product","link":"https:\/\/revolutiongalaxy.com\/index.php\/product\/air-fryer-r-af02\/","title":{"rendered":"Air fryer R-AF01 8L"},"content":{"rendered":"<table>\n<tbody>\n<tr>\n<td style=\"width: 40%;\">\n<h3><strong><img loading=\"lazy\" decoding=\"async\" class=\"alignnone size-full wp-image-6018\" src=\"https:\/\/revolutiongalaxy.com\/wp-content\/uploads\/2024\/05\/01-02.jpg\" alt=\"\" width=\"1584\" height=\"1131\" srcset=\"https:\/\/revolutiongalaxy.com\/wp-content\/uploads\/2024\/05\/01-02.jpg 1584w, https:\/\/revolutiongalaxy.com\/wp-content\/uploads\/2024\/05\/01-02-300x214.jpg 300w, https:\/\/revolutiongalaxy.com\/wp-content\/uploads\/2024\/05\/01-02-1030x735.jpg 1030w, https:\/\/revolutiongalaxy.com\/wp-content\/uploads\/2024\/05\/01-02-768x548.jpg 768w, https:\/\/revolutiongalaxy.com\/wp-content\/uploads\/2024\/05\/01-02-1536x1097.jpg 1536w, https:\/\/revolutiongalaxy.com\/wp-content\/uploads\/2024\/05\/01-02-600x428.jpg 600w\" sizes=\"auto, (max-width: 1584px) 100vw, 1584px\" \/><\/strong><\/h3>\n<\/td>\n<td>\n<h3 class=\"title h1 mb-2\" style=\"text-align: center;\">Fonctions personnalis\u00e9es<\/h3>\n<p>&nbsp;<\/p>\n<p style=\"text-align: center;\">Notre Air fryer vous\u00a0 offre une exp\u00e9rience de cuisson sans tracas avec sa conception \u00e9conomique en huile, ses fonctionnalit\u00e9s pratiques et ses capacit\u00e9s de nettoyage faciles<\/p>\n<\/td>\n<td style=\"width: 40%;\"><img loading=\"lazy\" decoding=\"async\" class=\"alignnone size-full wp-image-6017\" src=\"https:\/\/revolutiongalaxy.com\/wp-content\/uploads\/2024\/05\/01-1.jpg\" alt=\"\" width=\"1584\" height=\"1131\" srcset=\"https:\/\/revolutiongalaxy.com\/wp-content\/uploads\/2024\/05\/01-1.jpg 1584w, https:\/\/revolutiongalaxy.com\/wp-content\/uploads\/2024\/05\/01-1-300x214.jpg 300w, https:\/\/revolutiongalaxy.com\/wp-content\/uploads\/2024\/05\/01-1-1030x735.jpg 1030w, https:\/\/revolutiongalaxy.com\/wp-content\/uploads\/2024\/05\/01-1-768x548.jpg 768w, https:\/\/revolutiongalaxy.com\/wp-content\/uploads\/2024\/05\/01-1-1536x1097.jpg 1536w, https:\/\/revolutiongalaxy.com\/wp-content\/uploads\/2024\/05\/01-1-600x428.jpg 600w\" sizes=\"auto, (max-width: 1584px) 100vw, 1584px\" \/><\/td>\n<\/tr>\n<\/tbody>\n<\/table>\n","protected":false},"excerpt":{"rendered":"<ul>\n<li>220-240V ~ 50-60Hz, 1800W<\/li>\n<li>Mechanical control for easy operation<\/li>\n<li>Capacity : 8L pot with rack<\/li>\n<li>Adjustable Temperature : 80 \u00b0C-200 \u00b0C<\/li>\n<li>timer: 0-60mins<\/li>\n<li>With Visible window<\/li>\n<li>Fat Removal Technology removes up to 90% fat<\/li>\n<\/ul>\n","protected":false},"featured_media":6011,"template":"","meta":[],"product_cat":[228,242],"product_tag":[],"class_list":["post-6007","product","type-product","status-publish","has-post-thumbnail","hentry","product_cat-electromenagers","product_cat-petit-electromenager"],"yoast_head":"<!-- This site is optimized with the Yoast SEO plugin v21.6 - https:\/\/yoast.com\/wordpress\/plugins\/seo\/ -->\n<title>Air fryer R-AF01 8L - R\u00e9volution Galaxy<\/title>\n<meta name=\"robots\" content=\"index, follow, max-snippet:-1, max-image-preview:large, max-video-preview:-1\" \/>\n<link rel=\"canonical\" href=\"https:\/\/revolutiongalaxy.com\/index.php\/product\/air-fryer-r-af02\/\" \/>\n<meta property=\"og:locale\" content=\"fr_FR\" \/>\n<meta property=\"og:type\" content=\"article\" \/>\n<meta property=\"og:title\" content=\"Air fryer R-AF01 8L - R\u00e9volution Galaxy\" \/>\n<meta property=\"og:description\" content=\"220-240V ~ 50-60Hz, 1800W  Mechanical control for easy operation  Capacity : 8L pot with rack  Adjustable Temperature : 80 \u00b0C-200 \u00b0C  timer: 0-60mins  With Visible window  Fat Removal Technology removes up to 90% fat\" \/>\n<meta property=\"og:url\" content=\"https:\/\/revolutiongalaxy.com\/index.php\/product\/air-fryer-r-af02\/\" \/>\n<meta property=\"og:site_name\" content=\"R\u00e9volution Galaxy\" \/>\n<meta property=\"article:publisher\" content=\"https:\/\/www.facebook.com\/profile.php?id=100071175250346\" \/>\n<meta property=\"article:modified_time\" content=\"2025-10-06T11:10:23+00:00\" \/>\n<meta property=\"og:image\" content=\"https:\/\/revolutiongalaxy.com\/wp-content\/uploads\/2024\/05\/f88982135b40d7e65f1c747d58fb426-scaled.jpg\" \/>\n\t<meta property=\"og:image:width\" content=\"2560\" \/>\n\t<meta property=\"og:image:height\" content=\"2468\" \/>\n\t<meta property=\"og:image:type\" content=\"image\/jpeg\" \/>\n<meta name=\"twitter:card\" content=\"summary_large_image\" \/>\n<meta name=\"twitter:label1\" content=\"Dur\u00e9e de lecture estim\u00e9e\" \/>\n\t<meta name=\"twitter:data1\" content=\"1 minute\" \/>\n<script type=\"application\/ld+json\" class=\"yoast-schema-graph\">{\"@context\":\"https:\/\/schema.org\",\"@graph\":[{\"@type\":\"WebPage\",\"@id\":\"https:\/\/revolutiongalaxy.com\/index.php\/product\/air-fryer-r-af02\/\",\"url\":\"https:\/\/revolutiongalaxy.com\/index.php\/product\/air-fryer-r-af02\/\",\"name\":\"Air fryer R-AF01 8L - R\u00e9volution Galaxy\",\"isPartOf\":{\"@id\":\"https:\/\/revolutiongalaxy.com\/#website\"},\"datePublished\":\"2024-05-27T11:06:33+00:00\",\"dateModified\":\"2025-10-06T11:10:23+00:00\",\"breadcrumb\":{\"@id\":\"https:\/\/revolutiongalaxy.com\/index.php\/product\/air-fryer-r-af02\/#breadcrumb\"},\"inLanguage\":\"fr-FR\",\"potentialAction\":[{\"@type\":\"ReadAction\",\"target\":[\"https:\/\/revolutiongalaxy.com\/index.php\/product\/air-fryer-r-af02\/\"]}]},{\"@type\":\"BreadcrumbList\",\"@id\":\"https:\/\/revolutiongalaxy.com\/index.php\/product\/air-fryer-r-af02\/#breadcrumb\",\"itemListElement\":[{\"@type\":\"ListItem\",\"position\":1,\"name\":\"Accueil\",\"item\":\"https:\/\/revolutiongalaxy.com\/\"},{\"@type\":\"ListItem\",\"position\":2,\"name\":\"Boutique\",\"item\":\"https:\/\/revolutiongalaxy.com\/index.php\/shop-2\/\"},{\"@type\":\"ListItem\",\"position\":3,\"name\":\"Air fryer R-AF01 8L\"}]},{\"@type\":\"WebSite\",\"@id\":\"https:\/\/revolutiongalaxy.com\/#website\",\"url\":\"https:\/\/revolutiongalaxy.com\/\",\"name\":\"R\u00e9volutionGalaxy.com\",\"description\":\"Pour la qualit\u00e9 totale\",\"publisher\":{\"@id\":\"https:\/\/revolutiongalaxy.com\/#organization\"},\"potentialAction\":[{\"@type\":\"SearchAction\",\"target\":{\"@type\":\"EntryPoint\",\"urlTemplate\":\"https:\/\/revolutiongalaxy.com\/?s={search_term_string}\"},\"query-input\":\"required name=search_term_string\"}],\"inLanguage\":\"fr-FR\"},{\"@type\":\"Organization\",\"@id\":\"https:\/\/revolutiongalaxy.com\/#organization\",\"name\":\"R\u00e9volutionGalaxy.com\",\"url\":\"https:\/\/revolutiongalaxy.com\/\",\"logo\":{\"@type\":\"ImageObject\",\"inLanguage\":\"fr-FR\",\"@id\":\"https:\/\/revolutiongalaxy.com\/#\/schema\/logo\/image\/\",\"url\":\"https:\/\/revolutiongalaxy.com\/wp-content\/uploads\/2023\/09\/logo-revolution.webp\",\"contentUrl\":\"https:\/\/revolutiongalaxy.com\/wp-content\/uploads\/2023\/09\/logo-revolution.webp\",\"width\":686,\"height\":224,\"caption\":\"R\u00e9volutionGalaxy.com\"},\"image\":{\"@id\":\"https:\/\/revolutiongalaxy.com\/#\/schema\/logo\/image\/\"},\"sameAs\":[\"https:\/\/www.facebook.com\/profile.php?id=100071175250346\"]}]}<\/script>\n<!-- \/ Yoast SEO plugin. -->","yoast_head_json":{"title":"Air fryer R-AF01 8L - R\u00e9volution Galaxy","robots":{"index":"index","follow":"follow","max-snippet":"max-snippet:-1","max-image-preview":"max-image-preview:large","max-video-preview":"max-video-preview:-1"},"canonical":"https:\/\/revolutiongalaxy.com\/index.php\/product\/air-fryer-r-af02\/","og_locale":"fr_FR","og_type":"article","og_title":"Air fryer R-AF01 8L - R\u00e9volution Galaxy","og_description":"220-240V ~ 50-60Hz, 1800W  Mechanical control for easy operation  Capacity : 8L pot with rack  Adjustable Temperature : 80 \u00b0C-200 \u00b0C  timer: 0-60mins  With Visible window  Fat Removal Technology removes up to 90% fat","og_url":"https:\/\/revolutiongalaxy.com\/index.php\/product\/air-fryer-r-af02\/","og_site_name":"R\u00e9volution Galaxy","article_publisher":"https:\/\/www.facebook.com\/profile.php?id=100071175250346","article_modified_time":"2025-10-06T11:10:23+00:00","og_image":[{"width":2560,"height":2468,"url":"https:\/\/revolutiongalaxy.com\/wp-content\/uploads\/2024\/05\/f88982135b40d7e65f1c747d58fb426-scaled.jpg","type":"image\/jpeg"}],"twitter_card":"summary_large_image","twitter_misc":{"Dur\u00e9e de lecture estim\u00e9e":"1 minute"},"schema":{"@context":"https:\/\/schema.org","@graph":[{"@type":"WebPage","@id":"https:\/\/revolutiongalaxy.com\/index.php\/product\/air-fryer-r-af02\/","url":"https:\/\/revolutiongalaxy.com\/index.php\/product\/air-fryer-r-af02\/","name":"Air fryer R-AF01 8L - R\u00e9volution Galaxy","isPartOf":{"@id":"https:\/\/revolutiongalaxy.com\/#website"},"datePublished":"2024-05-27T11:06:33+00:00","dateModified":"2025-10-06T11:10:23+00:00","breadcrumb":{"@id":"https:\/\/revolutiongalaxy.com\/index.php\/product\/air-fryer-r-af02\/#breadcrumb"},"inLanguage":"fr-FR","potentialAction":[{"@type":"ReadAction","target":["https:\/\/revolutiongalaxy.com\/index.php\/product\/air-fryer-r-af02\/"]}]},{"@type":"BreadcrumbList","@id":"https:\/\/revolutiongalaxy.com\/index.php\/product\/air-fryer-r-af02\/#breadcrumb","itemListElement":[{"@type":"ListItem","position":1,"name":"Accueil","item":"https:\/\/revolutiongalaxy.com\/"},{"@type":"ListItem","position":2,"name":"Boutique","item":"https:\/\/revolutiongalaxy.com\/index.php\/shop-2\/"},{"@type":"ListItem","position":3,"name":"Air fryer R-AF01 8L"}]},{"@type":"WebSite","@id":"https:\/\/revolutiongalaxy.com\/#website","url":"https:\/\/revolutiongalaxy.com\/","name":"R\u00e9volutionGalaxy.com","description":"Pour la qualit\u00e9 totale","publisher":{"@id":"https:\/\/revolutiongalaxy.com\/#organization"},"potentialAction":[{"@type":"SearchAction","target":{"@type":"EntryPoint","urlTemplate":"https:\/\/revolutiongalaxy.com\/?s={search_term_string}"},"query-input":"required name=search_term_string"}],"inLanguage":"fr-FR"},{"@type":"Organization","@id":"https:\/\/revolutiongalaxy.com\/#organization","name":"R\u00e9volutionGalaxy.com","url":"https:\/\/revolutiongalaxy.com\/","logo":{"@type":"ImageObject","inLanguage":"fr-FR","@id":"https:\/\/revolutiongalaxy.com\/#\/schema\/logo\/image\/","url":"https:\/\/revolutiongalaxy.com\/wp-content\/uploads\/2023\/09\/logo-revolution.webp","contentUrl":"https:\/\/revolutiongalaxy.com\/wp-content\/uploads\/2023\/09\/logo-revolution.webp","width":686,"height":224,"caption":"R\u00e9volutionGalaxy.com"},"image":{"@id":"https:\/\/revolutiongalaxy.com\/#\/schema\/logo\/image\/"},"sameAs":["https:\/\/www.facebook.com\/profile.php?id=100071175250346"]}]}},"_links":{"self":[{"href":"https:\/\/revolutiongalaxy.com\/index.php\/wp-json\/wp\/v2\/product\/6007","targetHints":{"allow":["GET"]}}],"collection":[{"href":"https:\/\/revolutiongalaxy.com\/index.php\/wp-json\/wp\/v2\/product"}],"about":[{"href":"https:\/\/revolutiongalaxy.com\/index.php\/wp-json\/wp\/v2\/types\/product"}],"wp:featuredmedia":[{"embeddable":true,"href":"https:\/\/revolutiongalaxy.com\/index.php\/wp-json\/wp\/v2\/media\/6011"}],"wp:attachment":[{"href":"https:\/\/revolutiongalaxy.com\/index.php\/wp-json\/wp\/v2\/media?parent=6007"}],"wp:term":[{"taxonomy":"product_cat","embeddable":true,"href":"https:\/\/revolutiongalaxy.com\/index.php\/wp-json\/wp\/v2\/product_cat?post=6007"},{"taxonomy":"product_tag","embeddable":true,"href":"https:\/\/revolutiongalaxy.com\/index.php\/wp-json\/wp\/v2\/product_tag?post=6007"}],"curies":[{"name":"wp","href":"https:\/\/api.w.org\/{rel}","templated":true}]}}