{"id":5994,"date":"2024-05-01T13:39:40","date_gmt":"2024-05-01T11:39:40","guid":{"rendered":"https:\/\/revolutiongalaxy.com\/?post_type=product&#038;p=5994"},"modified":"2024-05-01T13:47:48","modified_gmt":"2024-05-01T11:47:48","slug":"cameras-de-surveillance-mp9","status":"publish","type":"product","link":"https:\/\/revolutiongalaxy.com\/index.php\/product\/cameras-de-surveillance-mp9\/","title":{"rendered":"CAM\u00c9RAS DE SURVEILLANCE MP9"},"content":{"rendered":"<table>\n<tbody>\n<tr>\n<td style=\"width: 60%;\">\n<h2><strong>Enregistrement et lecture<\/strong><\/h2>\n<p>L&#8217;enregistrement se fait sur la carte m\u00e9moire Micro SD\u00a0 (vendu s\u00e9par\u00e9ment).<\/p>\n<h2 style=\"width: 50%;\"><strong>Kit de vid\u00e9o surveillance\u00a0 ext\u00e9rieur sans fil<\/strong><\/h2>\n<p>Gr\u00e2ce \u00e0 la transmission sans fil , vous b\u00e9n\u00e9ficiez d&#8217;une installation simple et d&#8217;une transmission fiable du signal, assurant une surveillance continue et efficace de votre propri\u00e9t\u00e9.<br \/>\nProfitez de la tranquillit\u00e9 d&#8217;esprit .<\/p>\n<h2><strong>Visualisation et Enregistrement<\/strong><\/h2>\n<p>Vous pourrez visualiser et voir les enregistrements de vos cam\u00e9ras sur votre t\u00e9l\u00e9phone connect\u00e9 \u00e0 Internet<\/p>\n<p>&nbsp;<\/p>\n<p>&nbsp;<\/p>\n<p>&nbsp;<\/p>\n<p>&nbsp;<\/p>\n<p>.<\/td>\n<td style=\"width: 40%;\"><img loading=\"lazy\" decoding=\"async\" class=\"alignnone size-full wp-image-5996\" src=\"https:\/\/revolutiongalaxy.com\/wp-content\/uploads\/2024\/05\/MP9-1.jpg\" alt=\"\" width=\"489\" height=\"754\" srcset=\"https:\/\/revolutiongalaxy.com\/wp-content\/uploads\/2024\/05\/MP9-1.jpg 489w, https:\/\/revolutiongalaxy.com\/wp-content\/uploads\/2024\/05\/MP9-1-195x300.jpg 195w\" sizes=\"auto, (max-width: 489px) 100vw, 489px\" \/><\/td>\n<\/tr>\n<\/tbody>\n<\/table>\n","protected":false},"excerpt":{"rendered":"<ul>\n<li>Installation Facile Plug &amp; Play<\/li>\n<li>Pour l&#8217;Int\u00e9rieur ou l&#8217;ext\u00e9rieur<\/li>\n<li>Enregistrement \u00e0 d\u00e9tection de mouvement<\/li>\n<li>Connexion facile<\/li>\n<li>Logiciel de surveillance gratuit<\/li>\n<li>Vid\u00e9oSurveillance par Internet<\/li>\n<\/ul>\n","protected":false},"featured_media":5995,"template":"","meta":[],"product_cat":[246,245],"product_tag":[],"class_list":["post-5994","product","type-product","status-publish","has-post-thumbnail","hentry","product_cat-camera-de-surveillance","product_cat-gadgets"],"yoast_head":"<!-- This site is optimized with the Yoast SEO plugin v21.6 - https:\/\/yoast.com\/wordpress\/plugins\/seo\/ -->\n<title>CAM\u00c9RAS DE SURVEILLANCE MP9 - R\u00e9volution Galaxy<\/title>\n<meta name=\"robots\" content=\"index, follow, max-snippet:-1, max-image-preview:large, max-video-preview:-1\" \/>\n<link rel=\"canonical\" href=\"https:\/\/revolutiongalaxy.com\/index.php\/product\/cameras-de-surveillance-mp9\/\" \/>\n<meta property=\"og:locale\" content=\"fr_FR\" \/>\n<meta property=\"og:type\" content=\"article\" \/>\n<meta property=\"og:title\" content=\"CAM\u00c9RAS DE SURVEILLANCE MP9 - R\u00e9volution Galaxy\" \/>\n<meta property=\"og:description\" content=\"Installation Facile Plug &amp; Play  Pour l&#039;Int\u00e9rieur ou l&#039;ext\u00e9rieur  Enregistrement \u00e0 d\u00e9tection de mouvement  Connexion facile  Logiciel de surveillance gratuit  Vid\u00e9oSurveillance par Internet\" \/>\n<meta property=\"og:url\" content=\"https:\/\/revolutiongalaxy.com\/index.php\/product\/cameras-de-surveillance-mp9\/\" \/>\n<meta property=\"og:site_name\" content=\"R\u00e9volution Galaxy\" \/>\n<meta property=\"article:publisher\" content=\"https:\/\/www.facebook.com\/profile.php?id=100071175250346\" \/>\n<meta property=\"article:modified_time\" content=\"2024-05-01T11:47:48+00:00\" \/>\n<meta property=\"og:image\" content=\"https:\/\/revolutiongalaxy.com\/wp-content\/uploads\/2024\/05\/MP9.jpg\" \/>\n\t<meta property=\"og:image:width\" content=\"653\" \/>\n\t<meta property=\"og:image:height\" content=\"653\" \/>\n\t<meta property=\"og:image:type\" content=\"image\/jpeg\" \/>\n<meta name=\"twitter:card\" content=\"summary_large_image\" \/>\n<meta name=\"twitter:label1\" content=\"Dur\u00e9e de lecture estim\u00e9e\" \/>\n\t<meta name=\"twitter:data1\" content=\"1 minute\" \/>\n<script type=\"application\/ld+json\" class=\"yoast-schema-graph\">{\"@context\":\"https:\/\/schema.org\",\"@graph\":[{\"@type\":\"WebPage\",\"@id\":\"https:\/\/revolutiongalaxy.com\/index.php\/product\/cameras-de-surveillance-mp9\/\",\"url\":\"https:\/\/revolutiongalaxy.com\/index.php\/product\/cameras-de-surveillance-mp9\/\",\"name\":\"CAM\u00c9RAS DE SURVEILLANCE MP9 - R\u00e9volution Galaxy\",\"isPartOf\":{\"@id\":\"https:\/\/revolutiongalaxy.com\/#website\"},\"datePublished\":\"2024-05-01T11:39:40+00:00\",\"dateModified\":\"2024-05-01T11:47:48+00:00\",\"breadcrumb\":{\"@id\":\"https:\/\/revolutiongalaxy.com\/index.php\/product\/cameras-de-surveillance-mp9\/#breadcrumb\"},\"inLanguage\":\"fr-FR\",\"potentialAction\":[{\"@type\":\"ReadAction\",\"target\":[\"https:\/\/revolutiongalaxy.com\/index.php\/product\/cameras-de-surveillance-mp9\/\"]}]},{\"@type\":\"BreadcrumbList\",\"@id\":\"https:\/\/revolutiongalaxy.com\/index.php\/product\/cameras-de-surveillance-mp9\/#breadcrumb\",\"itemListElement\":[{\"@type\":\"ListItem\",\"position\":1,\"name\":\"Accueil\",\"item\":\"https:\/\/revolutiongalaxy.com\/\"},{\"@type\":\"ListItem\",\"position\":2,\"name\":\"Boutique\",\"item\":\"https:\/\/revolutiongalaxy.com\/index.php\/shop-2\/\"},{\"@type\":\"ListItem\",\"position\":3,\"name\":\"CAM\u00c9RAS DE SURVEILLANCE MP9\"}]},{\"@type\":\"WebSite\",\"@id\":\"https:\/\/revolutiongalaxy.com\/#website\",\"url\":\"https:\/\/revolutiongalaxy.com\/\",\"name\":\"R\u00e9volutionGalaxy.com\",\"description\":\"Pour la qualit\u00e9 totale\",\"publisher\":{\"@id\":\"https:\/\/revolutiongalaxy.com\/#organization\"},\"potentialAction\":[{\"@type\":\"SearchAction\",\"target\":{\"@type\":\"EntryPoint\",\"urlTemplate\":\"https:\/\/revolutiongalaxy.com\/?s={search_term_string}\"},\"query-input\":\"required name=search_term_string\"}],\"inLanguage\":\"fr-FR\"},{\"@type\":\"Organization\",\"@id\":\"https:\/\/revolutiongalaxy.com\/#organization\",\"name\":\"R\u00e9volutionGalaxy.com\",\"url\":\"https:\/\/revolutiongalaxy.com\/\",\"logo\":{\"@type\":\"ImageObject\",\"inLanguage\":\"fr-FR\",\"@id\":\"https:\/\/revolutiongalaxy.com\/#\/schema\/logo\/image\/\",\"url\":\"https:\/\/revolutiongalaxy.com\/wp-content\/uploads\/2023\/09\/logo-revolution.webp\",\"contentUrl\":\"https:\/\/revolutiongalaxy.com\/wp-content\/uploads\/2023\/09\/logo-revolution.webp\",\"width\":686,\"height\":224,\"caption\":\"R\u00e9volutionGalaxy.com\"},\"image\":{\"@id\":\"https:\/\/revolutiongalaxy.com\/#\/schema\/logo\/image\/\"},\"sameAs\":[\"https:\/\/www.facebook.com\/profile.php?id=100071175250346\"]}]}<\/script>\n<!-- \/ Yoast SEO plugin. -->","yoast_head_json":{"title":"CAM\u00c9RAS DE SURVEILLANCE MP9 - R\u00e9volution Galaxy","robots":{"index":"index","follow":"follow","max-snippet":"max-snippet:-1","max-image-preview":"max-image-preview:large","max-video-preview":"max-video-preview:-1"},"canonical":"https:\/\/revolutiongalaxy.com\/index.php\/product\/cameras-de-surveillance-mp9\/","og_locale":"fr_FR","og_type":"article","og_title":"CAM\u00c9RAS DE SURVEILLANCE MP9 - R\u00e9volution Galaxy","og_description":"Installation Facile Plug &amp; Play  Pour l'Int\u00e9rieur ou l'ext\u00e9rieur  Enregistrement \u00e0 d\u00e9tection de mouvement  Connexion facile  Logiciel de surveillance gratuit  Vid\u00e9oSurveillance par Internet","og_url":"https:\/\/revolutiongalaxy.com\/index.php\/product\/cameras-de-surveillance-mp9\/","og_site_name":"R\u00e9volution Galaxy","article_publisher":"https:\/\/www.facebook.com\/profile.php?id=100071175250346","article_modified_time":"2024-05-01T11:47:48+00:00","og_image":[{"width":653,"height":653,"url":"https:\/\/revolutiongalaxy.com\/wp-content\/uploads\/2024\/05\/MP9.jpg","type":"image\/jpeg"}],"twitter_card":"summary_large_image","twitter_misc":{"Dur\u00e9e de lecture estim\u00e9e":"1 minute"},"schema":{"@context":"https:\/\/schema.org","@graph":[{"@type":"WebPage","@id":"https:\/\/revolutiongalaxy.com\/index.php\/product\/cameras-de-surveillance-mp9\/","url":"https:\/\/revolutiongalaxy.com\/index.php\/product\/cameras-de-surveillance-mp9\/","name":"CAM\u00c9RAS DE SURVEILLANCE MP9 - R\u00e9volution Galaxy","isPartOf":{"@id":"https:\/\/revolutiongalaxy.com\/#website"},"datePublished":"2024-05-01T11:39:40+00:00","dateModified":"2024-05-01T11:47:48+00:00","breadcrumb":{"@id":"https:\/\/revolutiongalaxy.com\/index.php\/product\/cameras-de-surveillance-mp9\/#breadcrumb"},"inLanguage":"fr-FR","potentialAction":[{"@type":"ReadAction","target":["https:\/\/revolutiongalaxy.com\/index.php\/product\/cameras-de-surveillance-mp9\/"]}]},{"@type":"BreadcrumbList","@id":"https:\/\/revolutiongalaxy.com\/index.php\/product\/cameras-de-surveillance-mp9\/#breadcrumb","itemListElement":[{"@type":"ListItem","position":1,"name":"Accueil","item":"https:\/\/revolutiongalaxy.com\/"},{"@type":"ListItem","position":2,"name":"Boutique","item":"https:\/\/revolutiongalaxy.com\/index.php\/shop-2\/"},{"@type":"ListItem","position":3,"name":"CAM\u00c9RAS DE SURVEILLANCE MP9"}]},{"@type":"WebSite","@id":"https:\/\/revolutiongalaxy.com\/#website","url":"https:\/\/revolutiongalaxy.com\/","name":"R\u00e9volutionGalaxy.com","description":"Pour la qualit\u00e9 totale","publisher":{"@id":"https:\/\/revolutiongalaxy.com\/#organization"},"potentialAction":[{"@type":"SearchAction","target":{"@type":"EntryPoint","urlTemplate":"https:\/\/revolutiongalaxy.com\/?s={search_term_string}"},"query-input":"required name=search_term_string"}],"inLanguage":"fr-FR"},{"@type":"Organization","@id":"https:\/\/revolutiongalaxy.com\/#organization","name":"R\u00e9volutionGalaxy.com","url":"https:\/\/revolutiongalaxy.com\/","logo":{"@type":"ImageObject","inLanguage":"fr-FR","@id":"https:\/\/revolutiongalaxy.com\/#\/schema\/logo\/image\/","url":"https:\/\/revolutiongalaxy.com\/wp-content\/uploads\/2023\/09\/logo-revolution.webp","contentUrl":"https:\/\/revolutiongalaxy.com\/wp-content\/uploads\/2023\/09\/logo-revolution.webp","width":686,"height":224,"caption":"R\u00e9volutionGalaxy.com"},"image":{"@id":"https:\/\/revolutiongalaxy.com\/#\/schema\/logo\/image\/"},"sameAs":["https:\/\/www.facebook.com\/profile.php?id=100071175250346"]}]}},"_links":{"self":[{"href":"https:\/\/revolutiongalaxy.com\/index.php\/wp-json\/wp\/v2\/product\/5994","targetHints":{"allow":["GET"]}}],"collection":[{"href":"https:\/\/revolutiongalaxy.com\/index.php\/wp-json\/wp\/v2\/product"}],"about":[{"href":"https:\/\/revolutiongalaxy.com\/index.php\/wp-json\/wp\/v2\/types\/product"}],"wp:featuredmedia":[{"embeddable":true,"href":"https:\/\/revolutiongalaxy.com\/index.php\/wp-json\/wp\/v2\/media\/5995"}],"wp:attachment":[{"href":"https:\/\/revolutiongalaxy.com\/index.php\/wp-json\/wp\/v2\/media?parent=5994"}],"wp:term":[{"taxonomy":"product_cat","embeddable":true,"href":"https:\/\/revolutiongalaxy.com\/index.php\/wp-json\/wp\/v2\/product_cat?post=5994"},{"taxonomy":"product_tag","embeddable":true,"href":"https:\/\/revolutiongalaxy.com\/index.php\/wp-json\/wp\/v2\/product_tag?post=5994"}],"curies":[{"name":"wp","href":"https:\/\/api.w.org\/{rel}","templated":true}]}}