{"id":5976,"date":"2024-04-30T11:36:27","date_gmt":"2024-04-30T09:36:27","guid":{"rendered":"https:\/\/revolutiongalaxy.com\/?post_type=product&#038;p=5976"},"modified":"2024-04-30T12:33:38","modified_gmt":"2024-04-30T10:33:38","slug":"recepteur-numerique-revolution-galaxy-15-pro","status":"publish","type":"product","link":"https:\/\/revolutiongalaxy.com\/index.php\/product\/recepteur-numerique-revolution-galaxy-15-pro\/","title":{"rendered":"R\u00e9cepteur num\u00e9rique Revolution Galaxy 15 PRO"},"content":{"rendered":"<table border=\"0\" width=\"100%\">\n<tbody>\n<tr>\n<td width=\"25%\"><strong>ALIMENTATION\u00a0:<\/strong><\/td>\n<td width=\"25%\">\n<table border=\"0\" width=\"100%\">\n<tbody>\n<tr>\n<td width=\"25%\">Input AC90V-240V~ 50\/60Hz<\/td>\n<\/tr>\n<\/tbody>\n<\/table>\n<\/td>\n<td width=\"25%\"><strong>R\u00e9solution : <\/strong><\/td>\n<td width=\"25%\">1920 x 1080<\/td>\n<\/tr>\n<tr>\n<td width=\"25%\"><strong>Wifi :<\/strong><\/td>\n<td width=\"25%\">NON<\/td>\n<td width=\"25%\"><strong>PORT USB :<\/strong><\/td>\n<td width=\"25%\">1<\/td>\n<\/tr>\n<tr>\n<td width=\"25%\"><strong>Taille de la m\u00e9moire int\u00e9gr\u00e9e:<\/strong><\/td>\n<td width=\"25%\">512 Mo (ou 1 Go en option)<\/td>\n<td width=\"25%\"><strong>PORT HDMI :<\/strong><\/td>\n<td width=\"25%\">1<\/td>\n<\/tr>\n<tr>\n<td width=\"25%\"><strong>T\u00e9l\u00e9commande :<\/strong><\/td>\n<td width=\"25%\">*1<\/td>\n<td width=\"25%\"><strong>AFFICHEUR:<\/strong><\/td>\n<td width=\"25%\">Ext\u00e9rieur<\/td>\n<\/tr>\n<\/tbody>\n<\/table>\n<p>\uf0fc HDMI avec \u00e9metteur HDCP&#8221;<br \/>\n\uf0fc Interfaces SPI multi-IO&#8221;<br \/>\n\uf0fc USB2.0 (x1) &#8221;<br \/>\n\uf0fc Port UART&#8221;<br \/>\n\uf0fc Interface de carte \u00e0 puce<br \/>\n\uf0fc Port IRDA<\/p>\n","protected":false},"excerpt":{"rendered":"<ul>\n<li>M\u00e9moire int\u00e9gr\u00e9e 512 Mo (ou 1 Go en option)<\/li>\n<li class=\"font_8 wixui-rich-text__text\"><span class=\"wixui-rich-text__text\">AFFICHEUR EXTERIEUR<\/span><\/li>\n<li class=\"font_8 wixui-rich-text__text\"><span class=\"wixui-rich-text__text\">PORT USB ET HDMI\u00a0 \u00a0 \u00a0<br class=\"wixui-rich-text__text\" \/><\/span><\/li>\n<\/ul>\n","protected":false},"featured_media":5979,"template":"","meta":[],"product_cat":[239,227],"product_tag":[],"class_list":["post-5976","product","type-product","status-publish","has-post-thumbnail","hentry","product_cat-recepteur-normal","product_cat-recepteur-numerique"],"yoast_head":"<!-- This site is optimized with the Yoast SEO plugin v21.6 - https:\/\/yoast.com\/wordpress\/plugins\/seo\/ -->\n<title>R\u00e9cepteur num\u00e9rique Revolution Galaxy 15 PRO - R\u00e9volution Galaxy<\/title>\n<meta name=\"robots\" content=\"index, follow, max-snippet:-1, max-image-preview:large, max-video-preview:-1\" \/>\n<link rel=\"canonical\" href=\"https:\/\/revolutiongalaxy.com\/index.php\/product\/recepteur-numerique-revolution-galaxy-15-pro\/\" \/>\n<meta property=\"og:locale\" content=\"fr_FR\" \/>\n<meta property=\"og:type\" content=\"article\" \/>\n<meta property=\"og:title\" content=\"R\u00e9cepteur num\u00e9rique Revolution Galaxy 15 PRO - R\u00e9volution Galaxy\" \/>\n<meta property=\"og:description\" content=\"M\u00e9moire int\u00e9gr\u00e9e 512 Mo (ou 1 Go en option)  AFFICHEUR EXTERIEUR  PORT USB ET HDMI\u00a0 \u00a0 \u00a0\" \/>\n<meta property=\"og:url\" content=\"https:\/\/revolutiongalaxy.com\/index.php\/product\/recepteur-numerique-revolution-galaxy-15-pro\/\" \/>\n<meta property=\"og:site_name\" content=\"R\u00e9volution Galaxy\" \/>\n<meta property=\"article:publisher\" content=\"https:\/\/www.facebook.com\/profile.php?id=100071175250346\" \/>\n<meta property=\"article:modified_time\" content=\"2024-04-30T10:33:38+00:00\" \/>\n<meta property=\"og:image\" content=\"https:\/\/revolutiongalaxy.com\/wp-content\/uploads\/2024\/04\/15-PRO1.jpg\" \/>\n\t<meta property=\"og:image:width\" content=\"2551\" \/>\n\t<meta property=\"og:image:height\" content=\"2551\" \/>\n\t<meta property=\"og:image:type\" content=\"image\/jpeg\" \/>\n<meta name=\"twitter:card\" content=\"summary_large_image\" \/>\n<meta name=\"twitter:label1\" content=\"Dur\u00e9e de lecture estim\u00e9e\" \/>\n\t<meta name=\"twitter:data1\" content=\"1 minute\" \/>\n<script type=\"application\/ld+json\" class=\"yoast-schema-graph\">{\"@context\":\"https:\/\/schema.org\",\"@graph\":[{\"@type\":\"WebPage\",\"@id\":\"https:\/\/revolutiongalaxy.com\/index.php\/product\/recepteur-numerique-revolution-galaxy-15-pro\/\",\"url\":\"https:\/\/revolutiongalaxy.com\/index.php\/product\/recepteur-numerique-revolution-galaxy-15-pro\/\",\"name\":\"R\u00e9cepteur num\u00e9rique Revolution Galaxy 15 PRO - R\u00e9volution Galaxy\",\"isPartOf\":{\"@id\":\"https:\/\/revolutiongalaxy.com\/#website\"},\"datePublished\":\"2024-04-30T09:36:27+00:00\",\"dateModified\":\"2024-04-30T10:33:38+00:00\",\"breadcrumb\":{\"@id\":\"https:\/\/revolutiongalaxy.com\/index.php\/product\/recepteur-numerique-revolution-galaxy-15-pro\/#breadcrumb\"},\"inLanguage\":\"fr-FR\",\"potentialAction\":[{\"@type\":\"ReadAction\",\"target\":[\"https:\/\/revolutiongalaxy.com\/index.php\/product\/recepteur-numerique-revolution-galaxy-15-pro\/\"]}]},{\"@type\":\"BreadcrumbList\",\"@id\":\"https:\/\/revolutiongalaxy.com\/index.php\/product\/recepteur-numerique-revolution-galaxy-15-pro\/#breadcrumb\",\"itemListElement\":[{\"@type\":\"ListItem\",\"position\":1,\"name\":\"Accueil\",\"item\":\"https:\/\/revolutiongalaxy.com\/\"},{\"@type\":\"ListItem\",\"position\":2,\"name\":\"Boutique\",\"item\":\"https:\/\/revolutiongalaxy.com\/index.php\/shop-2\/\"},{\"@type\":\"ListItem\",\"position\":3,\"name\":\"R\u00e9cepteur num\u00e9rique Revolution Galaxy 15 PRO\"}]},{\"@type\":\"WebSite\",\"@id\":\"https:\/\/revolutiongalaxy.com\/#website\",\"url\":\"https:\/\/revolutiongalaxy.com\/\",\"name\":\"R\u00e9volutionGalaxy.com\",\"description\":\"Pour la qualit\u00e9 totale\",\"publisher\":{\"@id\":\"https:\/\/revolutiongalaxy.com\/#organization\"},\"potentialAction\":[{\"@type\":\"SearchAction\",\"target\":{\"@type\":\"EntryPoint\",\"urlTemplate\":\"https:\/\/revolutiongalaxy.com\/?s={search_term_string}\"},\"query-input\":\"required name=search_term_string\"}],\"inLanguage\":\"fr-FR\"},{\"@type\":\"Organization\",\"@id\":\"https:\/\/revolutiongalaxy.com\/#organization\",\"name\":\"R\u00e9volutionGalaxy.com\",\"url\":\"https:\/\/revolutiongalaxy.com\/\",\"logo\":{\"@type\":\"ImageObject\",\"inLanguage\":\"fr-FR\",\"@id\":\"https:\/\/revolutiongalaxy.com\/#\/schema\/logo\/image\/\",\"url\":\"https:\/\/revolutiongalaxy.com\/wp-content\/uploads\/2023\/09\/logo-revolution.webp\",\"contentUrl\":\"https:\/\/revolutiongalaxy.com\/wp-content\/uploads\/2023\/09\/logo-revolution.webp\",\"width\":686,\"height\":224,\"caption\":\"R\u00e9volutionGalaxy.com\"},\"image\":{\"@id\":\"https:\/\/revolutiongalaxy.com\/#\/schema\/logo\/image\/\"},\"sameAs\":[\"https:\/\/www.facebook.com\/profile.php?id=100071175250346\"]}]}<\/script>\n<!-- \/ Yoast SEO plugin. -->","yoast_head_json":{"title":"R\u00e9cepteur num\u00e9rique Revolution Galaxy 15 PRO - R\u00e9volution Galaxy","robots":{"index":"index","follow":"follow","max-snippet":"max-snippet:-1","max-image-preview":"max-image-preview:large","max-video-preview":"max-video-preview:-1"},"canonical":"https:\/\/revolutiongalaxy.com\/index.php\/product\/recepteur-numerique-revolution-galaxy-15-pro\/","og_locale":"fr_FR","og_type":"article","og_title":"R\u00e9cepteur num\u00e9rique Revolution Galaxy 15 PRO - R\u00e9volution Galaxy","og_description":"M\u00e9moire int\u00e9gr\u00e9e 512 Mo (ou 1 Go en option)  AFFICHEUR EXTERIEUR  PORT USB ET HDMI\u00a0 \u00a0 \u00a0","og_url":"https:\/\/revolutiongalaxy.com\/index.php\/product\/recepteur-numerique-revolution-galaxy-15-pro\/","og_site_name":"R\u00e9volution Galaxy","article_publisher":"https:\/\/www.facebook.com\/profile.php?id=100071175250346","article_modified_time":"2024-04-30T10:33:38+00:00","og_image":[{"width":2551,"height":2551,"url":"https:\/\/revolutiongalaxy.com\/wp-content\/uploads\/2024\/04\/15-PRO1.jpg","type":"image\/jpeg"}],"twitter_card":"summary_large_image","twitter_misc":{"Dur\u00e9e de lecture estim\u00e9e":"1 minute"},"schema":{"@context":"https:\/\/schema.org","@graph":[{"@type":"WebPage","@id":"https:\/\/revolutiongalaxy.com\/index.php\/product\/recepteur-numerique-revolution-galaxy-15-pro\/","url":"https:\/\/revolutiongalaxy.com\/index.php\/product\/recepteur-numerique-revolution-galaxy-15-pro\/","name":"R\u00e9cepteur num\u00e9rique Revolution Galaxy 15 PRO - R\u00e9volution Galaxy","isPartOf":{"@id":"https:\/\/revolutiongalaxy.com\/#website"},"datePublished":"2024-04-30T09:36:27+00:00","dateModified":"2024-04-30T10:33:38+00:00","breadcrumb":{"@id":"https:\/\/revolutiongalaxy.com\/index.php\/product\/recepteur-numerique-revolution-galaxy-15-pro\/#breadcrumb"},"inLanguage":"fr-FR","potentialAction":[{"@type":"ReadAction","target":["https:\/\/revolutiongalaxy.com\/index.php\/product\/recepteur-numerique-revolution-galaxy-15-pro\/"]}]},{"@type":"BreadcrumbList","@id":"https:\/\/revolutiongalaxy.com\/index.php\/product\/recepteur-numerique-revolution-galaxy-15-pro\/#breadcrumb","itemListElement":[{"@type":"ListItem","position":1,"name":"Accueil","item":"https:\/\/revolutiongalaxy.com\/"},{"@type":"ListItem","position":2,"name":"Boutique","item":"https:\/\/revolutiongalaxy.com\/index.php\/shop-2\/"},{"@type":"ListItem","position":3,"name":"R\u00e9cepteur num\u00e9rique Revolution Galaxy 15 PRO"}]},{"@type":"WebSite","@id":"https:\/\/revolutiongalaxy.com\/#website","url":"https:\/\/revolutiongalaxy.com\/","name":"R\u00e9volutionGalaxy.com","description":"Pour la qualit\u00e9 totale","publisher":{"@id":"https:\/\/revolutiongalaxy.com\/#organization"},"potentialAction":[{"@type":"SearchAction","target":{"@type":"EntryPoint","urlTemplate":"https:\/\/revolutiongalaxy.com\/?s={search_term_string}"},"query-input":"required name=search_term_string"}],"inLanguage":"fr-FR"},{"@type":"Organization","@id":"https:\/\/revolutiongalaxy.com\/#organization","name":"R\u00e9volutionGalaxy.com","url":"https:\/\/revolutiongalaxy.com\/","logo":{"@type":"ImageObject","inLanguage":"fr-FR","@id":"https:\/\/revolutiongalaxy.com\/#\/schema\/logo\/image\/","url":"https:\/\/revolutiongalaxy.com\/wp-content\/uploads\/2023\/09\/logo-revolution.webp","contentUrl":"https:\/\/revolutiongalaxy.com\/wp-content\/uploads\/2023\/09\/logo-revolution.webp","width":686,"height":224,"caption":"R\u00e9volutionGalaxy.com"},"image":{"@id":"https:\/\/revolutiongalaxy.com\/#\/schema\/logo\/image\/"},"sameAs":["https:\/\/www.facebook.com\/profile.php?id=100071175250346"]}]}},"_links":{"self":[{"href":"https:\/\/revolutiongalaxy.com\/index.php\/wp-json\/wp\/v2\/product\/5976","targetHints":{"allow":["GET"]}}],"collection":[{"href":"https:\/\/revolutiongalaxy.com\/index.php\/wp-json\/wp\/v2\/product"}],"about":[{"href":"https:\/\/revolutiongalaxy.com\/index.php\/wp-json\/wp\/v2\/types\/product"}],"wp:featuredmedia":[{"embeddable":true,"href":"https:\/\/revolutiongalaxy.com\/index.php\/wp-json\/wp\/v2\/media\/5979"}],"wp:attachment":[{"href":"https:\/\/revolutiongalaxy.com\/index.php\/wp-json\/wp\/v2\/media?parent=5976"}],"wp:term":[{"taxonomy":"product_cat","embeddable":true,"href":"https:\/\/revolutiongalaxy.com\/index.php\/wp-json\/wp\/v2\/product_cat?post=5976"},{"taxonomy":"product_tag","embeddable":true,"href":"https:\/\/revolutiongalaxy.com\/index.php\/wp-json\/wp\/v2\/product_tag?post=5976"}],"curies":[{"name":"wp","href":"https:\/\/api.w.org\/{rel}","templated":true}]}}