{"id":5919,"date":"2024-03-13T04:03:41","date_gmt":"2024-03-13T03:03:41","guid":{"rendered":"https:\/\/revolutiongalaxy.com\/?post_type=product&#038;p=5919"},"modified":"2025-10-06T13:11:38","modified_gmt":"2025-10-06T11:11:38","slug":"haut-parleur-3-1ch-azawan-4","status":"publish","type":"product","link":"https:\/\/revolutiongalaxy.com\/index.php\/product\/haut-parleur-3-1ch-azawan-4\/","title":{"rendered":"Haut Parleur 3.1CH AZAWAN 4"},"content":{"rendered":"<p><img loading=\"lazy\" decoding=\"async\" class=\"alignnone size-full wp-image-5720\" src=\"https:\/\/revolutiongalaxy.com\/wp-content\/uploads\/2023\/11\/BANNER-HIFI-.jpg\" alt=\"\" width=\"1420\" height=\"376\" srcset=\"https:\/\/revolutiongalaxy.com\/wp-content\/uploads\/2023\/11\/BANNER-HIFI-.jpg 1420w, https:\/\/revolutiongalaxy.com\/wp-content\/uploads\/2023\/11\/BANNER-HIFI--300x79.jpg 300w, https:\/\/revolutiongalaxy.com\/wp-content\/uploads\/2023\/11\/BANNER-HIFI--1030x273.jpg 1030w, https:\/\/revolutiongalaxy.com\/wp-content\/uploads\/2023\/11\/BANNER-HIFI--768x203.jpg 768w, https:\/\/revolutiongalaxy.com\/wp-content\/uploads\/2023\/11\/BANNER-HIFI--600x159.jpg 600w\" sizes=\"auto, (max-width: 1420px) 100vw, 1420px\" \/><\/p>\n<table border=\"0\" width=\"100%\">\n<tbody>\n<tr>\n<td width=\"25%\"><strong>MULTIMEDIA SOUND BAR :<\/strong><\/td>\n<td width=\"25%\">3.1CH<\/td>\n<td width=\"25%\"><strong>BLUETOOTH :<\/strong><\/td>\n<td width=\"25%\">OUI<\/td>\n<\/tr>\n<tr>\n<td width=\"25%\"><strong>USB PORT :<\/strong><\/td>\n<td width=\"25%\">OUI<\/td>\n<td width=\"25%\"><strong>FM RADIO :<\/strong><\/td>\n<td width=\"25%\">OUI<\/td>\n<\/tr>\n<tr>\n<td width=\"25%\"><strong>SD\/MMC CARD PORT :<\/strong><\/td>\n<td width=\"25%\">OUI<\/td>\n<td width=\"25%\"><strong>FREQUENCY RESPONSE :<\/strong><\/td>\n<td width=\"25%\">38Hz-20KHz<\/td>\n<\/tr>\n<tr>\n<td width=\"25%\"><strong>POWER OUTPUT :<\/strong><\/td>\n<td width=\"25%\">70W<\/td>\n<td width=\"25%\"><strong>S\/N :<\/strong><\/td>\n<td width=\"25%\">\u2265 70 dB<\/td>\n<\/tr>\n<\/tbody>\n<\/table>\n<p>&nbsp;<\/p>\n","protected":false},"excerpt":{"rendered":"<ul>\n<li>Syst\u00e8me st\u00e9r\u00e9o 3.1 Bluetooth<\/li>\n<li>Radio FM<\/li>\n<li>Compatible avec tous les p\u00e9riph\u00e9riques audio Bluetooth (smartphone, tablette,pc, etc.)<\/li>\n<li>Caisson de basse actif puissant<\/li>\n<li>Bouton de r\u00e9glage du volume \u00a0sur t\u00e9l\u00e9commande et sur le subwoofer<\/li>\n<li>T\u00e9l\u00e9commande<\/li>\n<\/ul>\n","protected":false},"featured_media":5920,"template":"","meta":[],"product_cat":[229,240],"product_tag":[],"class_list":["post-5919","product","type-product","status-publish","has-post-thumbnail","hentry","product_cat-audio","product_cat-multimedia-speaker"],"yoast_head":"<!-- This site is optimized with the Yoast SEO plugin v21.6 - https:\/\/yoast.com\/wordpress\/plugins\/seo\/ -->\n<title>Haut Parleur 3.1CH AZAWAN 4 - R\u00e9volution Galaxy<\/title>\n<meta name=\"robots\" content=\"index, follow, max-snippet:-1, max-image-preview:large, max-video-preview:-1\" \/>\n<link rel=\"canonical\" href=\"https:\/\/revolutiongalaxy.com\/index.php\/product\/haut-parleur-3-1ch-azawan-4\/\" \/>\n<meta property=\"og:locale\" content=\"fr_FR\" \/>\n<meta property=\"og:type\" content=\"article\" \/>\n<meta property=\"og:title\" content=\"Haut Parleur 3.1CH AZAWAN 4 - R\u00e9volution Galaxy\" \/>\n<meta property=\"og:description\" content=\"Syst\u00e8me st\u00e9r\u00e9o 3.1 Bluetooth  Radio FM  Compatible avec tous les p\u00e9riph\u00e9riques audio Bluetooth (smartphone, tablette,pc, etc.)  Caisson de basse actif puissant  Bouton de r\u00e9glage du volume \u00a0sur t\u00e9l\u00e9commande et sur le subwoofer  T\u00e9l\u00e9commande\" \/>\n<meta property=\"og:url\" content=\"https:\/\/revolutiongalaxy.com\/index.php\/product\/haut-parleur-3-1ch-azawan-4\/\" \/>\n<meta property=\"og:site_name\" content=\"R\u00e9volution Galaxy\" \/>\n<meta property=\"article:publisher\" content=\"https:\/\/www.facebook.com\/profile.php?id=100071175250346\" \/>\n<meta property=\"article:modified_time\" content=\"2025-10-06T11:11:38+00:00\" \/>\n<meta property=\"og:image\" content=\"https:\/\/revolutiongalaxy.com\/wp-content\/uploads\/2024\/03\/AZ4.jpg\" \/>\n\t<meta property=\"og:image:width\" content=\"1012\" \/>\n\t<meta property=\"og:image:height\" content=\"1012\" \/>\n\t<meta property=\"og:image:type\" content=\"image\/jpeg\" \/>\n<meta name=\"twitter:card\" content=\"summary_large_image\" \/>\n<meta name=\"twitter:label1\" content=\"Dur\u00e9e de lecture estim\u00e9e\" \/>\n\t<meta name=\"twitter:data1\" content=\"1 minute\" \/>\n<script type=\"application\/ld+json\" class=\"yoast-schema-graph\">{\"@context\":\"https:\/\/schema.org\",\"@graph\":[{\"@type\":\"WebPage\",\"@id\":\"https:\/\/revolutiongalaxy.com\/index.php\/product\/haut-parleur-3-1ch-azawan-4\/\",\"url\":\"https:\/\/revolutiongalaxy.com\/index.php\/product\/haut-parleur-3-1ch-azawan-4\/\",\"name\":\"Haut Parleur 3.1CH AZAWAN 4 - R\u00e9volution Galaxy\",\"isPartOf\":{\"@id\":\"https:\/\/revolutiongalaxy.com\/#website\"},\"datePublished\":\"2024-03-13T03:03:41+00:00\",\"dateModified\":\"2025-10-06T11:11:38+00:00\",\"breadcrumb\":{\"@id\":\"https:\/\/revolutiongalaxy.com\/index.php\/product\/haut-parleur-3-1ch-azawan-4\/#breadcrumb\"},\"inLanguage\":\"fr-FR\",\"potentialAction\":[{\"@type\":\"ReadAction\",\"target\":[\"https:\/\/revolutiongalaxy.com\/index.php\/product\/haut-parleur-3-1ch-azawan-4\/\"]}]},{\"@type\":\"BreadcrumbList\",\"@id\":\"https:\/\/revolutiongalaxy.com\/index.php\/product\/haut-parleur-3-1ch-azawan-4\/#breadcrumb\",\"itemListElement\":[{\"@type\":\"ListItem\",\"position\":1,\"name\":\"Accueil\",\"item\":\"https:\/\/revolutiongalaxy.com\/\"},{\"@type\":\"ListItem\",\"position\":2,\"name\":\"Boutique\",\"item\":\"https:\/\/revolutiongalaxy.com\/index.php\/shop-2\/\"},{\"@type\":\"ListItem\",\"position\":3,\"name\":\"Haut Parleur 3.1CH AZAWAN 4\"}]},{\"@type\":\"WebSite\",\"@id\":\"https:\/\/revolutiongalaxy.com\/#website\",\"url\":\"https:\/\/revolutiongalaxy.com\/\",\"name\":\"R\u00e9volutionGalaxy.com\",\"description\":\"Pour la qualit\u00e9 totale\",\"publisher\":{\"@id\":\"https:\/\/revolutiongalaxy.com\/#organization\"},\"potentialAction\":[{\"@type\":\"SearchAction\",\"target\":{\"@type\":\"EntryPoint\",\"urlTemplate\":\"https:\/\/revolutiongalaxy.com\/?s={search_term_string}\"},\"query-input\":\"required name=search_term_string\"}],\"inLanguage\":\"fr-FR\"},{\"@type\":\"Organization\",\"@id\":\"https:\/\/revolutiongalaxy.com\/#organization\",\"name\":\"R\u00e9volutionGalaxy.com\",\"url\":\"https:\/\/revolutiongalaxy.com\/\",\"logo\":{\"@type\":\"ImageObject\",\"inLanguage\":\"fr-FR\",\"@id\":\"https:\/\/revolutiongalaxy.com\/#\/schema\/logo\/image\/\",\"url\":\"https:\/\/revolutiongalaxy.com\/wp-content\/uploads\/2023\/09\/logo-revolution.webp\",\"contentUrl\":\"https:\/\/revolutiongalaxy.com\/wp-content\/uploads\/2023\/09\/logo-revolution.webp\",\"width\":686,\"height\":224,\"caption\":\"R\u00e9volutionGalaxy.com\"},\"image\":{\"@id\":\"https:\/\/revolutiongalaxy.com\/#\/schema\/logo\/image\/\"},\"sameAs\":[\"https:\/\/www.facebook.com\/profile.php?id=100071175250346\"]}]}<\/script>\n<!-- \/ Yoast SEO plugin. -->","yoast_head_json":{"title":"Haut Parleur 3.1CH AZAWAN 4 - R\u00e9volution Galaxy","robots":{"index":"index","follow":"follow","max-snippet":"max-snippet:-1","max-image-preview":"max-image-preview:large","max-video-preview":"max-video-preview:-1"},"canonical":"https:\/\/revolutiongalaxy.com\/index.php\/product\/haut-parleur-3-1ch-azawan-4\/","og_locale":"fr_FR","og_type":"article","og_title":"Haut Parleur 3.1CH AZAWAN 4 - R\u00e9volution Galaxy","og_description":"Syst\u00e8me st\u00e9r\u00e9o 3.1 Bluetooth  Radio FM  Compatible avec tous les p\u00e9riph\u00e9riques audio Bluetooth (smartphone, tablette,pc, etc.)  Caisson de basse actif puissant  Bouton de r\u00e9glage du volume \u00a0sur t\u00e9l\u00e9commande et sur le subwoofer  T\u00e9l\u00e9commande","og_url":"https:\/\/revolutiongalaxy.com\/index.php\/product\/haut-parleur-3-1ch-azawan-4\/","og_site_name":"R\u00e9volution Galaxy","article_publisher":"https:\/\/www.facebook.com\/profile.php?id=100071175250346","article_modified_time":"2025-10-06T11:11:38+00:00","og_image":[{"width":1012,"height":1012,"url":"https:\/\/revolutiongalaxy.com\/wp-content\/uploads\/2024\/03\/AZ4.jpg","type":"image\/jpeg"}],"twitter_card":"summary_large_image","twitter_misc":{"Dur\u00e9e de lecture estim\u00e9e":"1 minute"},"schema":{"@context":"https:\/\/schema.org","@graph":[{"@type":"WebPage","@id":"https:\/\/revolutiongalaxy.com\/index.php\/product\/haut-parleur-3-1ch-azawan-4\/","url":"https:\/\/revolutiongalaxy.com\/index.php\/product\/haut-parleur-3-1ch-azawan-4\/","name":"Haut Parleur 3.1CH AZAWAN 4 - R\u00e9volution Galaxy","isPartOf":{"@id":"https:\/\/revolutiongalaxy.com\/#website"},"datePublished":"2024-03-13T03:03:41+00:00","dateModified":"2025-10-06T11:11:38+00:00","breadcrumb":{"@id":"https:\/\/revolutiongalaxy.com\/index.php\/product\/haut-parleur-3-1ch-azawan-4\/#breadcrumb"},"inLanguage":"fr-FR","potentialAction":[{"@type":"ReadAction","target":["https:\/\/revolutiongalaxy.com\/index.php\/product\/haut-parleur-3-1ch-azawan-4\/"]}]},{"@type":"BreadcrumbList","@id":"https:\/\/revolutiongalaxy.com\/index.php\/product\/haut-parleur-3-1ch-azawan-4\/#breadcrumb","itemListElement":[{"@type":"ListItem","position":1,"name":"Accueil","item":"https:\/\/revolutiongalaxy.com\/"},{"@type":"ListItem","position":2,"name":"Boutique","item":"https:\/\/revolutiongalaxy.com\/index.php\/shop-2\/"},{"@type":"ListItem","position":3,"name":"Haut Parleur 3.1CH AZAWAN 4"}]},{"@type":"WebSite","@id":"https:\/\/revolutiongalaxy.com\/#website","url":"https:\/\/revolutiongalaxy.com\/","name":"R\u00e9volutionGalaxy.com","description":"Pour la qualit\u00e9 totale","publisher":{"@id":"https:\/\/revolutiongalaxy.com\/#organization"},"potentialAction":[{"@type":"SearchAction","target":{"@type":"EntryPoint","urlTemplate":"https:\/\/revolutiongalaxy.com\/?s={search_term_string}"},"query-input":"required name=search_term_string"}],"inLanguage":"fr-FR"},{"@type":"Organization","@id":"https:\/\/revolutiongalaxy.com\/#organization","name":"R\u00e9volutionGalaxy.com","url":"https:\/\/revolutiongalaxy.com\/","logo":{"@type":"ImageObject","inLanguage":"fr-FR","@id":"https:\/\/revolutiongalaxy.com\/#\/schema\/logo\/image\/","url":"https:\/\/revolutiongalaxy.com\/wp-content\/uploads\/2023\/09\/logo-revolution.webp","contentUrl":"https:\/\/revolutiongalaxy.com\/wp-content\/uploads\/2023\/09\/logo-revolution.webp","width":686,"height":224,"caption":"R\u00e9volutionGalaxy.com"},"image":{"@id":"https:\/\/revolutiongalaxy.com\/#\/schema\/logo\/image\/"},"sameAs":["https:\/\/www.facebook.com\/profile.php?id=100071175250346"]}]}},"_links":{"self":[{"href":"https:\/\/revolutiongalaxy.com\/index.php\/wp-json\/wp\/v2\/product\/5919","targetHints":{"allow":["GET"]}}],"collection":[{"href":"https:\/\/revolutiongalaxy.com\/index.php\/wp-json\/wp\/v2\/product"}],"about":[{"href":"https:\/\/revolutiongalaxy.com\/index.php\/wp-json\/wp\/v2\/types\/product"}],"wp:featuredmedia":[{"embeddable":true,"href":"https:\/\/revolutiongalaxy.com\/index.php\/wp-json\/wp\/v2\/media\/5920"}],"wp:attachment":[{"href":"https:\/\/revolutiongalaxy.com\/index.php\/wp-json\/wp\/v2\/media?parent=5919"}],"wp:term":[{"taxonomy":"product_cat","embeddable":true,"href":"https:\/\/revolutiongalaxy.com\/index.php\/wp-json\/wp\/v2\/product_cat?post=5919"},{"taxonomy":"product_tag","embeddable":true,"href":"https:\/\/revolutiongalaxy.com\/index.php\/wp-json\/wp\/v2\/product_tag?post=5919"}],"curies":[{"name":"wp","href":"https:\/\/api.w.org\/{rel}","templated":true}]}}