{"id":5901,"date":"2024-02-28T11:49:23","date_gmt":"2024-02-28T10:49:23","guid":{"rendered":"https:\/\/revolutiongalaxy.com\/?post_type=product&#038;p=5901"},"modified":"2025-10-06T13:12:12","modified_gmt":"2025-10-06T11:12:12","slug":"support-mural-television-revolution-galaxy-n502","status":"publish","type":"product","link":"https:\/\/revolutiongalaxy.com\/index.php\/product\/support-mural-television-revolution-galaxy-n502\/","title":{"rendered":"Support mural T\u00e9l\u00e9vision REVOLUTiON Galaxy N502"},"content":{"rendered":"<ul>\n<li>Taille de l&#8217;\u00e9cran: 40 &#8220;-&#8220;75 &#8220;<\/li>\n<li>Distance: &#8211;<\/li>\n<li>Capacit\u00e9 de charge: 50Kg<\/li>\n<\/ul>\n","protected":false},"excerpt":{"rendered":"<ul>\n<li>Capacit\u00e9 de charge: 50Kg<\/li>\n<li>Installation tr\u00e8s simple et rapide<\/li>\n<li>Convient aux t\u00e9l\u00e9viseurs de 40&#8243; \u00e0 75&#8243;.<\/li>\n<li>Fixation s\u00fbre du t\u00e9l\u00e9viseur sur le support<\/li>\n<li>Facile \u00e0 monter et adaptable \u00e0 la taille de l&#8217;appareil<\/li>\n<\/ul>\n","protected":false},"featured_media":5891,"template":"","meta":[],"product_cat":[230,245],"product_tag":[],"class_list":["post-5901","product","type-product","status-publish","has-post-thumbnail","hentry","product_cat-accessoires-tv","product_cat-gadgets"],"yoast_head":"<!-- This site is optimized with the Yoast SEO plugin v21.6 - https:\/\/yoast.com\/wordpress\/plugins\/seo\/ -->\n<title>Support mural T\u00e9l\u00e9vision REVOLUTiON Galaxy N502 - R\u00e9volution Galaxy<\/title>\n<meta name=\"robots\" content=\"index, follow, max-snippet:-1, max-image-preview:large, max-video-preview:-1\" \/>\n<link rel=\"canonical\" href=\"https:\/\/revolutiongalaxy.com\/index.php\/product\/support-mural-television-revolution-galaxy-n502\/\" \/>\n<meta property=\"og:locale\" content=\"fr_FR\" \/>\n<meta property=\"og:type\" content=\"article\" \/>\n<meta property=\"og:title\" content=\"Support mural T\u00e9l\u00e9vision REVOLUTiON Galaxy N502 - R\u00e9volution Galaxy\" \/>\n<meta property=\"og:description\" content=\"Capacit\u00e9 de charge: 50Kg  Installation tr\u00e8s simple et rapide  Convient aux t\u00e9l\u00e9viseurs de 40&quot; \u00e0 75&quot;.  Fixation s\u00fbre du t\u00e9l\u00e9viseur sur le support  Facile \u00e0 monter et adaptable \u00e0 la taille de l&#039;appareil\" \/>\n<meta property=\"og:url\" content=\"https:\/\/revolutiongalaxy.com\/index.php\/product\/support-mural-television-revolution-galaxy-n502\/\" \/>\n<meta property=\"og:site_name\" content=\"R\u00e9volution Galaxy\" \/>\n<meta property=\"article:publisher\" content=\"https:\/\/www.facebook.com\/profile.php?id=100071175250346\" \/>\n<meta property=\"article:modified_time\" content=\"2025-10-06T11:12:12+00:00\" \/>\n<meta property=\"og:image\" content=\"https:\/\/revolutiongalaxy.com\/wp-content\/uploads\/2024\/02\/N502-1.jpg\" \/>\n\t<meta property=\"og:image:width\" content=\"800\" \/>\n\t<meta property=\"og:image:height\" content=\"800\" \/>\n\t<meta property=\"og:image:type\" content=\"image\/jpeg\" \/>\n<meta name=\"twitter:card\" content=\"summary_large_image\" \/>\n<meta name=\"twitter:label1\" content=\"Dur\u00e9e de lecture estim\u00e9e\" \/>\n\t<meta name=\"twitter:data1\" content=\"1 minute\" \/>\n<script type=\"application\/ld+json\" class=\"yoast-schema-graph\">{\"@context\":\"https:\/\/schema.org\",\"@graph\":[{\"@type\":\"WebPage\",\"@id\":\"https:\/\/revolutiongalaxy.com\/index.php\/product\/support-mural-television-revolution-galaxy-n502\/\",\"url\":\"https:\/\/revolutiongalaxy.com\/index.php\/product\/support-mural-television-revolution-galaxy-n502\/\",\"name\":\"Support mural T\u00e9l\u00e9vision REVOLUTiON Galaxy N502 - R\u00e9volution Galaxy\",\"isPartOf\":{\"@id\":\"https:\/\/revolutiongalaxy.com\/#website\"},\"datePublished\":\"2024-02-28T10:49:23+00:00\",\"dateModified\":\"2025-10-06T11:12:12+00:00\",\"breadcrumb\":{\"@id\":\"https:\/\/revolutiongalaxy.com\/index.php\/product\/support-mural-television-revolution-galaxy-n502\/#breadcrumb\"},\"inLanguage\":\"fr-FR\",\"potentialAction\":[{\"@type\":\"ReadAction\",\"target\":[\"https:\/\/revolutiongalaxy.com\/index.php\/product\/support-mural-television-revolution-galaxy-n502\/\"]}]},{\"@type\":\"BreadcrumbList\",\"@id\":\"https:\/\/revolutiongalaxy.com\/index.php\/product\/support-mural-television-revolution-galaxy-n502\/#breadcrumb\",\"itemListElement\":[{\"@type\":\"ListItem\",\"position\":1,\"name\":\"Accueil\",\"item\":\"https:\/\/revolutiongalaxy.com\/\"},{\"@type\":\"ListItem\",\"position\":2,\"name\":\"Boutique\",\"item\":\"https:\/\/revolutiongalaxy.com\/index.php\/shop-2\/\"},{\"@type\":\"ListItem\",\"position\":3,\"name\":\"Support mural T\u00e9l\u00e9vision REVOLUTiON Galaxy N502\"}]},{\"@type\":\"WebSite\",\"@id\":\"https:\/\/revolutiongalaxy.com\/#website\",\"url\":\"https:\/\/revolutiongalaxy.com\/\",\"name\":\"R\u00e9volutionGalaxy.com\",\"description\":\"Pour la qualit\u00e9 totale\",\"publisher\":{\"@id\":\"https:\/\/revolutiongalaxy.com\/#organization\"},\"potentialAction\":[{\"@type\":\"SearchAction\",\"target\":{\"@type\":\"EntryPoint\",\"urlTemplate\":\"https:\/\/revolutiongalaxy.com\/?s={search_term_string}\"},\"query-input\":\"required name=search_term_string\"}],\"inLanguage\":\"fr-FR\"},{\"@type\":\"Organization\",\"@id\":\"https:\/\/revolutiongalaxy.com\/#organization\",\"name\":\"R\u00e9volutionGalaxy.com\",\"url\":\"https:\/\/revolutiongalaxy.com\/\",\"logo\":{\"@type\":\"ImageObject\",\"inLanguage\":\"fr-FR\",\"@id\":\"https:\/\/revolutiongalaxy.com\/#\/schema\/logo\/image\/\",\"url\":\"https:\/\/revolutiongalaxy.com\/wp-content\/uploads\/2023\/09\/logo-revolution.webp\",\"contentUrl\":\"https:\/\/revolutiongalaxy.com\/wp-content\/uploads\/2023\/09\/logo-revolution.webp\",\"width\":686,\"height\":224,\"caption\":\"R\u00e9volutionGalaxy.com\"},\"image\":{\"@id\":\"https:\/\/revolutiongalaxy.com\/#\/schema\/logo\/image\/\"},\"sameAs\":[\"https:\/\/www.facebook.com\/profile.php?id=100071175250346\"]}]}<\/script>\n<!-- \/ Yoast SEO plugin. -->","yoast_head_json":{"title":"Support mural T\u00e9l\u00e9vision REVOLUTiON Galaxy N502 - R\u00e9volution Galaxy","robots":{"index":"index","follow":"follow","max-snippet":"max-snippet:-1","max-image-preview":"max-image-preview:large","max-video-preview":"max-video-preview:-1"},"canonical":"https:\/\/revolutiongalaxy.com\/index.php\/product\/support-mural-television-revolution-galaxy-n502\/","og_locale":"fr_FR","og_type":"article","og_title":"Support mural T\u00e9l\u00e9vision REVOLUTiON Galaxy N502 - R\u00e9volution Galaxy","og_description":"Capacit\u00e9 de charge: 50Kg  Installation tr\u00e8s simple et rapide  Convient aux t\u00e9l\u00e9viseurs de 40\" \u00e0 75\".  Fixation s\u00fbre du t\u00e9l\u00e9viseur sur le support  Facile \u00e0 monter et adaptable \u00e0 la taille de l'appareil","og_url":"https:\/\/revolutiongalaxy.com\/index.php\/product\/support-mural-television-revolution-galaxy-n502\/","og_site_name":"R\u00e9volution Galaxy","article_publisher":"https:\/\/www.facebook.com\/profile.php?id=100071175250346","article_modified_time":"2025-10-06T11:12:12+00:00","og_image":[{"width":800,"height":800,"url":"https:\/\/revolutiongalaxy.com\/wp-content\/uploads\/2024\/02\/N502-1.jpg","type":"image\/jpeg"}],"twitter_card":"summary_large_image","twitter_misc":{"Dur\u00e9e de lecture estim\u00e9e":"1 minute"},"schema":{"@context":"https:\/\/schema.org","@graph":[{"@type":"WebPage","@id":"https:\/\/revolutiongalaxy.com\/index.php\/product\/support-mural-television-revolution-galaxy-n502\/","url":"https:\/\/revolutiongalaxy.com\/index.php\/product\/support-mural-television-revolution-galaxy-n502\/","name":"Support mural T\u00e9l\u00e9vision REVOLUTiON Galaxy N502 - R\u00e9volution Galaxy","isPartOf":{"@id":"https:\/\/revolutiongalaxy.com\/#website"},"datePublished":"2024-02-28T10:49:23+00:00","dateModified":"2025-10-06T11:12:12+00:00","breadcrumb":{"@id":"https:\/\/revolutiongalaxy.com\/index.php\/product\/support-mural-television-revolution-galaxy-n502\/#breadcrumb"},"inLanguage":"fr-FR","potentialAction":[{"@type":"ReadAction","target":["https:\/\/revolutiongalaxy.com\/index.php\/product\/support-mural-television-revolution-galaxy-n502\/"]}]},{"@type":"BreadcrumbList","@id":"https:\/\/revolutiongalaxy.com\/index.php\/product\/support-mural-television-revolution-galaxy-n502\/#breadcrumb","itemListElement":[{"@type":"ListItem","position":1,"name":"Accueil","item":"https:\/\/revolutiongalaxy.com\/"},{"@type":"ListItem","position":2,"name":"Boutique","item":"https:\/\/revolutiongalaxy.com\/index.php\/shop-2\/"},{"@type":"ListItem","position":3,"name":"Support mural T\u00e9l\u00e9vision REVOLUTiON Galaxy N502"}]},{"@type":"WebSite","@id":"https:\/\/revolutiongalaxy.com\/#website","url":"https:\/\/revolutiongalaxy.com\/","name":"R\u00e9volutionGalaxy.com","description":"Pour la qualit\u00e9 totale","publisher":{"@id":"https:\/\/revolutiongalaxy.com\/#organization"},"potentialAction":[{"@type":"SearchAction","target":{"@type":"EntryPoint","urlTemplate":"https:\/\/revolutiongalaxy.com\/?s={search_term_string}"},"query-input":"required name=search_term_string"}],"inLanguage":"fr-FR"},{"@type":"Organization","@id":"https:\/\/revolutiongalaxy.com\/#organization","name":"R\u00e9volutionGalaxy.com","url":"https:\/\/revolutiongalaxy.com\/","logo":{"@type":"ImageObject","inLanguage":"fr-FR","@id":"https:\/\/revolutiongalaxy.com\/#\/schema\/logo\/image\/","url":"https:\/\/revolutiongalaxy.com\/wp-content\/uploads\/2023\/09\/logo-revolution.webp","contentUrl":"https:\/\/revolutiongalaxy.com\/wp-content\/uploads\/2023\/09\/logo-revolution.webp","width":686,"height":224,"caption":"R\u00e9volutionGalaxy.com"},"image":{"@id":"https:\/\/revolutiongalaxy.com\/#\/schema\/logo\/image\/"},"sameAs":["https:\/\/www.facebook.com\/profile.php?id=100071175250346"]}]}},"_links":{"self":[{"href":"https:\/\/revolutiongalaxy.com\/index.php\/wp-json\/wp\/v2\/product\/5901","targetHints":{"allow":["GET"]}}],"collection":[{"href":"https:\/\/revolutiongalaxy.com\/index.php\/wp-json\/wp\/v2\/product"}],"about":[{"href":"https:\/\/revolutiongalaxy.com\/index.php\/wp-json\/wp\/v2\/types\/product"}],"wp:featuredmedia":[{"embeddable":true,"href":"https:\/\/revolutiongalaxy.com\/index.php\/wp-json\/wp\/v2\/media\/5891"}],"wp:attachment":[{"href":"https:\/\/revolutiongalaxy.com\/index.php\/wp-json\/wp\/v2\/media?parent=5901"}],"wp:term":[{"taxonomy":"product_cat","embeddable":true,"href":"https:\/\/revolutiongalaxy.com\/index.php\/wp-json\/wp\/v2\/product_cat?post=5901"},{"taxonomy":"product_tag","embeddable":true,"href":"https:\/\/revolutiongalaxy.com\/index.php\/wp-json\/wp\/v2\/product_tag?post=5901"}],"curies":[{"name":"wp","href":"https:\/\/api.w.org\/{rel}","templated":true}]}}