{"id":5605,"date":"2023-10-25T12:50:57","date_gmt":"2023-10-25T10:50:57","guid":{"rendered":"https:\/\/revolutiongalaxy.com\/?post_type=product&#038;p=5605"},"modified":"2023-10-25T13:02:05","modified_gmt":"2023-10-25T11:02:05","slug":"recepteur-numerique-revolutiongalaxy-neat-23s","status":"publish","type":"product","link":"https:\/\/revolutiongalaxy.com\/index.php\/product\/recepteur-numerique-revolutiongalaxy-neat-23s\/","title":{"rendered":"R\u00e9cepteur num\u00e9rique RevolutionGalaxy NEAT 23S"},"content":{"rendered":"<p><strong>Resolution 4K UHD<\/strong><\/p>\n<table border=\"0\" width=\"100%\">\n<tbody>\n<tr>\n<td width=\"25%\"><strong>Processeur :<\/strong><\/td>\n<td width=\"25%\">Allwinner H618<\/td>\n<td width=\"25%\"><strong>RAM :<\/strong><\/td>\n<td width=\"25%\">2G<\/td>\n<\/tr>\n<tr>\n<td width=\"25%\"><strong>Wifi :<\/strong><\/td>\n<td width=\"25%\">5G Dual Wif<\/td>\n<td width=\"25%\"><strong>Storage :<\/strong><\/td>\n<td width=\"25%\">32G<\/td>\n<\/tr>\n<tr>\n<td width=\"25%\"><strong>System Android :<\/strong><\/td>\n<td width=\"25%\">12<\/td>\n<td width=\"25%\"><strong>Bluetooth \/<\/strong><\/td>\n<td width=\"25%\">Support<\/td>\n<\/tr>\n<tr>\n<td width=\"25%\"><strong>HDMI Output :<\/strong><\/td>\n<td width=\"25%\">480p to 4K30Hz(3840X2160)<\/td>\n<td width=\"25%\"><strong>USB:<\/strong><\/td>\n<td width=\"25%\">2<\/td>\n<\/tr>\n<tr>\n<td width=\"25%\"><strong>Reseau :<\/strong><\/td>\n<td width=\"25%\">Rj45<\/td>\n<\/tr>\n<tr>\n<td width=\"25%\"><strong>T\u00e9l\u00e9commande NEAT 23S :<\/strong><\/td>\n<td colspan=\"3\">Prend en charge Google Voice et inclut certaines applications telles que Youtube, Netflix, Disney+, Google Play.<\/td>\n<\/tr>\n<\/tbody>\n<\/table>\n<p class=\"font_8 wixui-rich-text__text\">\n","protected":false},"excerpt":{"rendered":"<ul>\n<li>Resolution 4K UHD<\/li>\n<li>2G RAM et 32G Storage<\/li>\n<li>2.4G Wifi \/5G Dual Wifi\/BT RCU Built in<\/li>\n<li>Prise en charge vocale (assistant Google)<\/li>\n<li>System Android 12<\/li>\n<li>Support Bluetooth<\/li>\n<li>HDMI Output : 480p to 4K30Hz(3840X2160)<\/li>\n<li>Rj45<\/li>\n<li>Av<\/li>\n<li>2 USB<\/li>\n<li>TF Card<\/li>\n<li>Reset Button<\/li>\n<\/ul>\n","protected":false},"featured_media":5606,"template":"","meta":[],"product_cat":[227],"product_tag":[],"class_list":["post-5605","product","type-product","status-publish","has-post-thumbnail","hentry","product_cat-recepteur-numerique"],"yoast_head":"<!-- This site is optimized with the Yoast SEO plugin v21.6 - https:\/\/yoast.com\/wordpress\/plugins\/seo\/ -->\n<title>R\u00e9cepteur num\u00e9rique RevolutionGalaxy NEAT 23S - R\u00e9volution Galaxy<\/title>\n<meta name=\"robots\" content=\"index, follow, max-snippet:-1, max-image-preview:large, max-video-preview:-1\" \/>\n<link rel=\"canonical\" href=\"https:\/\/revolutiongalaxy.com\/index.php\/product\/recepteur-numerique-revolutiongalaxy-neat-23s\/\" \/>\n<meta property=\"og:locale\" content=\"fr_FR\" \/>\n<meta property=\"og:type\" content=\"article\" \/>\n<meta property=\"og:title\" content=\"R\u00e9cepteur num\u00e9rique RevolutionGalaxy NEAT 23S - R\u00e9volution Galaxy\" \/>\n<meta property=\"og:description\" content=\"Resolution 4K UHD  2G RAM et 32G Storage  2.4G Wifi \/5G Dual Wifi\/BT RCU Built in  Prise en charge vocale (assistant Google)  System Android 12  Support Bluetooth  HDMI Output : 480p to 4K30Hz(3840X2160)  Rj45  Av  2 USB  TF Card  Reset Button\" \/>\n<meta property=\"og:url\" content=\"https:\/\/revolutiongalaxy.com\/index.php\/product\/recepteur-numerique-revolutiongalaxy-neat-23s\/\" \/>\n<meta property=\"og:site_name\" content=\"R\u00e9volution Galaxy\" \/>\n<meta property=\"article:publisher\" content=\"https:\/\/www.facebook.com\/profile.php?id=100071175250346\" \/>\n<meta property=\"article:modified_time\" content=\"2023-10-25T11:02:05+00:00\" \/>\n<meta property=\"og:image\" content=\"https:\/\/revolutiongalaxy.com\/wp-content\/uploads\/2023\/10\/neat.jpg\" \/>\n\t<meta property=\"og:image:width\" content=\"1309\" \/>\n\t<meta property=\"og:image:height\" content=\"1309\" \/>\n\t<meta property=\"og:image:type\" content=\"image\/jpeg\" \/>\n<meta name=\"twitter:card\" content=\"summary_large_image\" \/>\n<meta name=\"twitter:label1\" content=\"Dur\u00e9e de lecture estim\u00e9e\" \/>\n\t<meta name=\"twitter:data1\" content=\"1 minute\" \/>\n<script type=\"application\/ld+json\" class=\"yoast-schema-graph\">{\"@context\":\"https:\/\/schema.org\",\"@graph\":[{\"@type\":\"WebPage\",\"@id\":\"https:\/\/revolutiongalaxy.com\/index.php\/product\/recepteur-numerique-revolutiongalaxy-neat-23s\/\",\"url\":\"https:\/\/revolutiongalaxy.com\/index.php\/product\/recepteur-numerique-revolutiongalaxy-neat-23s\/\",\"name\":\"R\u00e9cepteur num\u00e9rique RevolutionGalaxy NEAT 23S - R\u00e9volution Galaxy\",\"isPartOf\":{\"@id\":\"https:\/\/revolutiongalaxy.com\/#website\"},\"datePublished\":\"2023-10-25T10:50:57+00:00\",\"dateModified\":\"2023-10-25T11:02:05+00:00\",\"breadcrumb\":{\"@id\":\"https:\/\/revolutiongalaxy.com\/index.php\/product\/recepteur-numerique-revolutiongalaxy-neat-23s\/#breadcrumb\"},\"inLanguage\":\"fr-FR\",\"potentialAction\":[{\"@type\":\"ReadAction\",\"target\":[\"https:\/\/revolutiongalaxy.com\/index.php\/product\/recepteur-numerique-revolutiongalaxy-neat-23s\/\"]}]},{\"@type\":\"BreadcrumbList\",\"@id\":\"https:\/\/revolutiongalaxy.com\/index.php\/product\/recepteur-numerique-revolutiongalaxy-neat-23s\/#breadcrumb\",\"itemListElement\":[{\"@type\":\"ListItem\",\"position\":1,\"name\":\"Accueil\",\"item\":\"https:\/\/revolutiongalaxy.com\/\"},{\"@type\":\"ListItem\",\"position\":2,\"name\":\"Boutique\",\"item\":\"https:\/\/revolutiongalaxy.com\/index.php\/shop-2\/\"},{\"@type\":\"ListItem\",\"position\":3,\"name\":\"R\u00e9cepteur num\u00e9rique RevolutionGalaxy NEAT 23S\"}]},{\"@type\":\"WebSite\",\"@id\":\"https:\/\/revolutiongalaxy.com\/#website\",\"url\":\"https:\/\/revolutiongalaxy.com\/\",\"name\":\"R\u00e9volutionGalaxy.com\",\"description\":\"Pour la qualit\u00e9 totale\",\"publisher\":{\"@id\":\"https:\/\/revolutiongalaxy.com\/#organization\"},\"potentialAction\":[{\"@type\":\"SearchAction\",\"target\":{\"@type\":\"EntryPoint\",\"urlTemplate\":\"https:\/\/revolutiongalaxy.com\/?s={search_term_string}\"},\"query-input\":\"required name=search_term_string\"}],\"inLanguage\":\"fr-FR\"},{\"@type\":\"Organization\",\"@id\":\"https:\/\/revolutiongalaxy.com\/#organization\",\"name\":\"R\u00e9volutionGalaxy.com\",\"url\":\"https:\/\/revolutiongalaxy.com\/\",\"logo\":{\"@type\":\"ImageObject\",\"inLanguage\":\"fr-FR\",\"@id\":\"https:\/\/revolutiongalaxy.com\/#\/schema\/logo\/image\/\",\"url\":\"https:\/\/revolutiongalaxy.com\/wp-content\/uploads\/2023\/09\/logo-revolution.webp\",\"contentUrl\":\"https:\/\/revolutiongalaxy.com\/wp-content\/uploads\/2023\/09\/logo-revolution.webp\",\"width\":686,\"height\":224,\"caption\":\"R\u00e9volutionGalaxy.com\"},\"image\":{\"@id\":\"https:\/\/revolutiongalaxy.com\/#\/schema\/logo\/image\/\"},\"sameAs\":[\"https:\/\/www.facebook.com\/profile.php?id=100071175250346\"]}]}<\/script>\n<!-- \/ Yoast SEO plugin. -->","yoast_head_json":{"title":"R\u00e9cepteur num\u00e9rique RevolutionGalaxy NEAT 23S - R\u00e9volution Galaxy","robots":{"index":"index","follow":"follow","max-snippet":"max-snippet:-1","max-image-preview":"max-image-preview:large","max-video-preview":"max-video-preview:-1"},"canonical":"https:\/\/revolutiongalaxy.com\/index.php\/product\/recepteur-numerique-revolutiongalaxy-neat-23s\/","og_locale":"fr_FR","og_type":"article","og_title":"R\u00e9cepteur num\u00e9rique RevolutionGalaxy NEAT 23S - R\u00e9volution Galaxy","og_description":"Resolution 4K UHD  2G RAM et 32G Storage  2.4G Wifi \/5G Dual Wifi\/BT RCU Built in  Prise en charge vocale (assistant Google)  System Android 12  Support Bluetooth  HDMI Output : 480p to 4K30Hz(3840X2160)  Rj45  Av  2 USB  TF Card  Reset Button","og_url":"https:\/\/revolutiongalaxy.com\/index.php\/product\/recepteur-numerique-revolutiongalaxy-neat-23s\/","og_site_name":"R\u00e9volution Galaxy","article_publisher":"https:\/\/www.facebook.com\/profile.php?id=100071175250346","article_modified_time":"2023-10-25T11:02:05+00:00","og_image":[{"width":1309,"height":1309,"url":"https:\/\/revolutiongalaxy.com\/wp-content\/uploads\/2023\/10\/neat.jpg","type":"image\/jpeg"}],"twitter_card":"summary_large_image","twitter_misc":{"Dur\u00e9e de lecture estim\u00e9e":"1 minute"},"schema":{"@context":"https:\/\/schema.org","@graph":[{"@type":"WebPage","@id":"https:\/\/revolutiongalaxy.com\/index.php\/product\/recepteur-numerique-revolutiongalaxy-neat-23s\/","url":"https:\/\/revolutiongalaxy.com\/index.php\/product\/recepteur-numerique-revolutiongalaxy-neat-23s\/","name":"R\u00e9cepteur num\u00e9rique RevolutionGalaxy NEAT 23S - R\u00e9volution Galaxy","isPartOf":{"@id":"https:\/\/revolutiongalaxy.com\/#website"},"datePublished":"2023-10-25T10:50:57+00:00","dateModified":"2023-10-25T11:02:05+00:00","breadcrumb":{"@id":"https:\/\/revolutiongalaxy.com\/index.php\/product\/recepteur-numerique-revolutiongalaxy-neat-23s\/#breadcrumb"},"inLanguage":"fr-FR","potentialAction":[{"@type":"ReadAction","target":["https:\/\/revolutiongalaxy.com\/index.php\/product\/recepteur-numerique-revolutiongalaxy-neat-23s\/"]}]},{"@type":"BreadcrumbList","@id":"https:\/\/revolutiongalaxy.com\/index.php\/product\/recepteur-numerique-revolutiongalaxy-neat-23s\/#breadcrumb","itemListElement":[{"@type":"ListItem","position":1,"name":"Accueil","item":"https:\/\/revolutiongalaxy.com\/"},{"@type":"ListItem","position":2,"name":"Boutique","item":"https:\/\/revolutiongalaxy.com\/index.php\/shop-2\/"},{"@type":"ListItem","position":3,"name":"R\u00e9cepteur num\u00e9rique RevolutionGalaxy NEAT 23S"}]},{"@type":"WebSite","@id":"https:\/\/revolutiongalaxy.com\/#website","url":"https:\/\/revolutiongalaxy.com\/","name":"R\u00e9volutionGalaxy.com","description":"Pour la qualit\u00e9 totale","publisher":{"@id":"https:\/\/revolutiongalaxy.com\/#organization"},"potentialAction":[{"@type":"SearchAction","target":{"@type":"EntryPoint","urlTemplate":"https:\/\/revolutiongalaxy.com\/?s={search_term_string}"},"query-input":"required name=search_term_string"}],"inLanguage":"fr-FR"},{"@type":"Organization","@id":"https:\/\/revolutiongalaxy.com\/#organization","name":"R\u00e9volutionGalaxy.com","url":"https:\/\/revolutiongalaxy.com\/","logo":{"@type":"ImageObject","inLanguage":"fr-FR","@id":"https:\/\/revolutiongalaxy.com\/#\/schema\/logo\/image\/","url":"https:\/\/revolutiongalaxy.com\/wp-content\/uploads\/2023\/09\/logo-revolution.webp","contentUrl":"https:\/\/revolutiongalaxy.com\/wp-content\/uploads\/2023\/09\/logo-revolution.webp","width":686,"height":224,"caption":"R\u00e9volutionGalaxy.com"},"image":{"@id":"https:\/\/revolutiongalaxy.com\/#\/schema\/logo\/image\/"},"sameAs":["https:\/\/www.facebook.com\/profile.php?id=100071175250346"]}]}},"_links":{"self":[{"href":"https:\/\/revolutiongalaxy.com\/index.php\/wp-json\/wp\/v2\/product\/5605","targetHints":{"allow":["GET"]}}],"collection":[{"href":"https:\/\/revolutiongalaxy.com\/index.php\/wp-json\/wp\/v2\/product"}],"about":[{"href":"https:\/\/revolutiongalaxy.com\/index.php\/wp-json\/wp\/v2\/types\/product"}],"wp:featuredmedia":[{"embeddable":true,"href":"https:\/\/revolutiongalaxy.com\/index.php\/wp-json\/wp\/v2\/media\/5606"}],"wp:attachment":[{"href":"https:\/\/revolutiongalaxy.com\/index.php\/wp-json\/wp\/v2\/media?parent=5605"}],"wp:term":[{"taxonomy":"product_cat","embeddable":true,"href":"https:\/\/revolutiongalaxy.com\/index.php\/wp-json\/wp\/v2\/product_cat?post=5605"},{"taxonomy":"product_tag","embeddable":true,"href":"https:\/\/revolutiongalaxy.com\/index.php\/wp-json\/wp\/v2\/product_tag?post=5605"}],"curies":[{"name":"wp","href":"https:\/\/api.w.org\/{rel}","templated":true}]}}