{"id":5431,"date":"2023-09-17T23:12:00","date_gmt":"2023-09-17T21:12:00","guid":{"rendered":"https:\/\/revolutiongalaxy.com\/?post_type=product&#038;p=5431"},"modified":"2025-10-06T13:08:06","modified_gmt":"2025-10-06T11:08:06","slug":"tv-32-led-hdr-recepteur-integre-tnt","status":"publish","type":"product","link":"https:\/\/revolutiongalaxy.com\/index.php\/product\/tv-32-led-hdr-recepteur-integre-tnt\/","title":{"rendered":"T\u00e9l\u00e9vision 32 Led HDR + R\u00e9cepteur int\u00e9gr\u00e9 + TNT"},"content":{"rendered":"<p><img loading=\"lazy\" decoding=\"async\" class=\"alignnone wp-image-5532\" src=\"https:\/\/revolutiongalaxy.com\/wp-content\/uploads\/2023\/09\/DIMENSION-TV-32-POUCES.jpg\" alt=\"\" width=\"1420\" height=\"376\" \/><br \/>\n<img loading=\"lazy\" decoding=\"async\" class=\"alignnone wp-image-5534\" src=\"https:\/\/revolutiongalaxy.com\/wp-content\/uploads\/2023\/09\/TYPE-AFFIchage-HD.jpg\" alt=\"\" width=\"1420\" height=\"376\" \/><br \/>\n<img loading=\"lazy\" decoding=\"async\" class=\"alignnone wp-image-5527\" src=\"https:\/\/revolutiongalaxy.com\/wp-content\/uploads\/2023\/09\/TYPE-sonoe.jpg\" alt=\"\" width=\"1420\" height=\"376\" \/><br \/>\n<img loading=\"lazy\" decoding=\"async\" class=\"alignnone wp-image-5533\" src=\"https:\/\/revolutiongalaxy.com\/wp-content\/uploads\/2023\/09\/design.jpg\" alt=\"\" width=\"1420\" height=\"376\" \/><\/p>\n<h1><strong>Sp\u00e9cifications :<\/strong><\/h1>\n<table border=\"0\" width=\"100%\">\n<tbody>\n<tr>\n<td width=\"25%\"><strong>Type d&#8217;\u00e9cran:<\/strong><\/td>\n<td width=\"25%\">FLAT<\/td>\n<td width=\"25%\"><strong>Technologie \u00e9cran:<\/strong><\/td>\n<td width=\"25%\">LED<\/td>\n<\/tr>\n<tr>\n<td width=\"25%\"><strong>Cat\u00e9gorie:<\/strong><\/td>\n<td width=\"25%\">HD Ready<\/td>\n<td width=\"25%\"><strong>D\u00e9finition D&#8217;affichage:<\/strong><\/td>\n<td width=\"25%\">1280&#215;720<\/td>\n<\/tr>\n<tr>\n<td width=\"25%\"><strong>SMART TV:<\/strong><\/td>\n<td width=\"25%\">NON<\/td>\n<td width=\"25%\"><strong>TNT:<\/strong><\/td>\n<td width=\"25%\">OUI<\/td>\n<\/tr>\n<tr>\n<td width=\"25%\"><strong>Wifi:<\/strong><\/td>\n<td width=\"25%\">NON<\/td>\n<td width=\"25%\"><strong>Bluetooth:<\/strong><\/td>\n<td width=\"25%\">NON<\/td>\n<\/tr>\n<tr>\n<td width=\"25%\"><strong>OUTPUT\u00a0AUDIO\u00a0POWER : <\/strong><\/td>\n<td width=\"25%\">OUI<\/td>\n<td width=\"25%\"><strong>Coaxial OUT :<\/strong><\/td>\n<td width=\"25%\">OUI<\/td>\n<\/tr>\n<tr>\n<td width=\"25%\"><strong>HDMI:<\/strong><\/td>\n<td width=\"25%\">2<\/td>\n<td width=\"25%\"><strong>USB<\/strong><\/td>\n<td width=\"25%\">2<\/td>\n<\/tr>\n<tr>\n<td width=\"25%\"><strong>Antenne:<\/strong><\/td>\n<td width=\"25%\">2<\/td>\n<td width=\"25%\"><strong>Rj45:<\/strong><\/td>\n<td width=\"25%\">NON<\/td>\n<\/tr>\n<tr>\n<td width=\"25%\"><strong>RCA:<\/strong><\/td>\n<td width=\"25%\">OUI<\/td>\n<td width=\"25%\"><strong>VGA:<\/strong><\/td>\n<td width=\"25%\">OUI<\/td>\n<\/tr>\n<tr>\n<td width=\"25%\"><strong>AV:<\/strong><\/td>\n<td width=\"25%\">OUI<\/td>\n<td width=\"25%\"><strong>Mini YPbPr:<\/strong><\/td>\n<td width=\"25%\">OUI<\/td>\n<\/tr>\n<\/tbody>\n<\/table>\n<p>&nbsp;<\/p>\n","protected":false},"excerpt":{"rendered":"<p>Les t\u00e9l\u00e9viseurs R\u00e9volution HDR allient la technologie HDR et le design \u00e9l\u00e9gant qui s\u2019int\u00e8gre parfaitement \u00e0 votre int\u00e9rieur<br \/>\nLa technologie HDR produit une luminosit\u00e9 \u00e9clatante , des couleurs extr\u00eamement pr\u00e9cises et des images finement d\u00e9taill\u00e9es, elle offre un rendu d\u2019image plus naturel et plus r\u00e9aliste, m\u00eame avec une plage de contraste \u00e9largie.<br \/>\nPr\u00e9parez-vous \u00e0 regarder des films , \u00e9missions et \u00e9v\u00e9nements sportifs dans une qualit\u00e9 HDR in\u00e9gal\u00e9e.<\/p>\n","protected":false},"featured_media":5544,"template":"","meta":[],"product_cat":[226,234],"product_tag":[],"class_list":["post-5431","product","type-product","status-publish","has-post-thumbnail","hentry","product_cat-television","product_cat-tv-normal"],"yoast_head":"<!-- This site is optimized with the Yoast SEO plugin v21.6 - https:\/\/yoast.com\/wordpress\/plugins\/seo\/ -->\n<title>T\u00e9l\u00e9vision 32 Led HDR + R\u00e9cepteur int\u00e9gr\u00e9 + TNT - R\u00e9volution Galaxy<\/title>\n<meta name=\"robots\" content=\"index, follow, max-snippet:-1, max-image-preview:large, max-video-preview:-1\" \/>\n<link rel=\"canonical\" href=\"https:\/\/revolutiongalaxy.com\/index.php\/product\/tv-32-led-hdr-recepteur-integre-tnt\/\" \/>\n<meta property=\"og:locale\" content=\"fr_FR\" \/>\n<meta property=\"og:type\" content=\"article\" \/>\n<meta property=\"og:title\" content=\"T\u00e9l\u00e9vision 32 Led HDR + R\u00e9cepteur int\u00e9gr\u00e9 + TNT - R\u00e9volution Galaxy\" \/>\n<meta property=\"og:description\" content=\"Les t\u00e9l\u00e9viseurs R\u00e9volution HDR allient la technologie HDR et le design \u00e9l\u00e9gant qui s\u2019int\u00e8gre parfaitement \u00e0 votre int\u00e9rieur La technologie HDR produit une luminosit\u00e9 \u00e9clatante , des couleurs extr\u00eamement pr\u00e9cises et des images finement d\u00e9taill\u00e9es, elle offre un rendu d\u2019image plus naturel et plus r\u00e9aliste, m\u00eame avec une plage de contraste \u00e9largie. Pr\u00e9parez-vous \u00e0 regarder des films , \u00e9missions et \u00e9v\u00e9nements sportifs dans une qualit\u00e9 HDR in\u00e9gal\u00e9e.\" \/>\n<meta property=\"og:url\" content=\"https:\/\/revolutiongalaxy.com\/index.php\/product\/tv-32-led-hdr-recepteur-integre-tnt\/\" \/>\n<meta property=\"og:site_name\" content=\"R\u00e9volution Galaxy\" \/>\n<meta property=\"article:publisher\" content=\"https:\/\/www.facebook.com\/profile.php?id=100071175250346\" \/>\n<meta property=\"article:modified_time\" content=\"2025-10-06T11:08:06+00:00\" \/>\n<meta property=\"og:image\" content=\"https:\/\/revolutiongalaxy.com\/wp-content\/uploads\/2023\/09\/32-NORMAL.jpg\" \/>\n\t<meta property=\"og:image:width\" content=\"800\" \/>\n\t<meta property=\"og:image:height\" content=\"800\" \/>\n\t<meta property=\"og:image:type\" content=\"image\/jpeg\" \/>\n<meta name=\"twitter:card\" content=\"summary_large_image\" \/>\n<meta name=\"twitter:label1\" content=\"Dur\u00e9e de lecture estim\u00e9e\" \/>\n\t<meta name=\"twitter:data1\" content=\"2 minutes\" \/>\n<script type=\"application\/ld+json\" class=\"yoast-schema-graph\">{\"@context\":\"https:\/\/schema.org\",\"@graph\":[{\"@type\":\"WebPage\",\"@id\":\"https:\/\/revolutiongalaxy.com\/index.php\/product\/tv-32-led-hdr-recepteur-integre-tnt\/\",\"url\":\"https:\/\/revolutiongalaxy.com\/index.php\/product\/tv-32-led-hdr-recepteur-integre-tnt\/\",\"name\":\"T\u00e9l\u00e9vision 32 Led HDR + R\u00e9cepteur int\u00e9gr\u00e9 + TNT - R\u00e9volution Galaxy\",\"isPartOf\":{\"@id\":\"https:\/\/revolutiongalaxy.com\/#website\"},\"datePublished\":\"2023-09-17T21:12:00+00:00\",\"dateModified\":\"2025-10-06T11:08:06+00:00\",\"breadcrumb\":{\"@id\":\"https:\/\/revolutiongalaxy.com\/index.php\/product\/tv-32-led-hdr-recepteur-integre-tnt\/#breadcrumb\"},\"inLanguage\":\"fr-FR\",\"potentialAction\":[{\"@type\":\"ReadAction\",\"target\":[\"https:\/\/revolutiongalaxy.com\/index.php\/product\/tv-32-led-hdr-recepteur-integre-tnt\/\"]}]},{\"@type\":\"BreadcrumbList\",\"@id\":\"https:\/\/revolutiongalaxy.com\/index.php\/product\/tv-32-led-hdr-recepteur-integre-tnt\/#breadcrumb\",\"itemListElement\":[{\"@type\":\"ListItem\",\"position\":1,\"name\":\"Accueil\",\"item\":\"https:\/\/revolutiongalaxy.com\/\"},{\"@type\":\"ListItem\",\"position\":2,\"name\":\"Boutique\",\"item\":\"https:\/\/revolutiongalaxy.com\/index.php\/shop-2\/\"},{\"@type\":\"ListItem\",\"position\":3,\"name\":\"T\u00e9l\u00e9vision 32 Led HDR + R\u00e9cepteur int\u00e9gr\u00e9 + TNT\"}]},{\"@type\":\"WebSite\",\"@id\":\"https:\/\/revolutiongalaxy.com\/#website\",\"url\":\"https:\/\/revolutiongalaxy.com\/\",\"name\":\"R\u00e9volutionGalaxy.com\",\"description\":\"Pour la qualit\u00e9 totale\",\"publisher\":{\"@id\":\"https:\/\/revolutiongalaxy.com\/#organization\"},\"potentialAction\":[{\"@type\":\"SearchAction\",\"target\":{\"@type\":\"EntryPoint\",\"urlTemplate\":\"https:\/\/revolutiongalaxy.com\/?s={search_term_string}\"},\"query-input\":\"required name=search_term_string\"}],\"inLanguage\":\"fr-FR\"},{\"@type\":\"Organization\",\"@id\":\"https:\/\/revolutiongalaxy.com\/#organization\",\"name\":\"R\u00e9volutionGalaxy.com\",\"url\":\"https:\/\/revolutiongalaxy.com\/\",\"logo\":{\"@type\":\"ImageObject\",\"inLanguage\":\"fr-FR\",\"@id\":\"https:\/\/revolutiongalaxy.com\/#\/schema\/logo\/image\/\",\"url\":\"https:\/\/revolutiongalaxy.com\/wp-content\/uploads\/2023\/09\/logo-revolution.webp\",\"contentUrl\":\"https:\/\/revolutiongalaxy.com\/wp-content\/uploads\/2023\/09\/logo-revolution.webp\",\"width\":686,\"height\":224,\"caption\":\"R\u00e9volutionGalaxy.com\"},\"image\":{\"@id\":\"https:\/\/revolutiongalaxy.com\/#\/schema\/logo\/image\/\"},\"sameAs\":[\"https:\/\/www.facebook.com\/profile.php?id=100071175250346\"]}]}<\/script>\n<!-- \/ Yoast SEO plugin. -->","yoast_head_json":{"title":"T\u00e9l\u00e9vision 32 Led HDR + R\u00e9cepteur int\u00e9gr\u00e9 + TNT - R\u00e9volution Galaxy","robots":{"index":"index","follow":"follow","max-snippet":"max-snippet:-1","max-image-preview":"max-image-preview:large","max-video-preview":"max-video-preview:-1"},"canonical":"https:\/\/revolutiongalaxy.com\/index.php\/product\/tv-32-led-hdr-recepteur-integre-tnt\/","og_locale":"fr_FR","og_type":"article","og_title":"T\u00e9l\u00e9vision 32 Led HDR + R\u00e9cepteur int\u00e9gr\u00e9 + TNT - R\u00e9volution Galaxy","og_description":"Les t\u00e9l\u00e9viseurs R\u00e9volution HDR allient la technologie HDR et le design \u00e9l\u00e9gant qui s\u2019int\u00e8gre parfaitement \u00e0 votre int\u00e9rieur La technologie HDR produit une luminosit\u00e9 \u00e9clatante , des couleurs extr\u00eamement pr\u00e9cises et des images finement d\u00e9taill\u00e9es, elle offre un rendu d\u2019image plus naturel et plus r\u00e9aliste, m\u00eame avec une plage de contraste \u00e9largie. Pr\u00e9parez-vous \u00e0 regarder des films , \u00e9missions et \u00e9v\u00e9nements sportifs dans une qualit\u00e9 HDR in\u00e9gal\u00e9e.","og_url":"https:\/\/revolutiongalaxy.com\/index.php\/product\/tv-32-led-hdr-recepteur-integre-tnt\/","og_site_name":"R\u00e9volution Galaxy","article_publisher":"https:\/\/www.facebook.com\/profile.php?id=100071175250346","article_modified_time":"2025-10-06T11:08:06+00:00","og_image":[{"width":800,"height":800,"url":"https:\/\/revolutiongalaxy.com\/wp-content\/uploads\/2023\/09\/32-NORMAL.jpg","type":"image\/jpeg"}],"twitter_card":"summary_large_image","twitter_misc":{"Dur\u00e9e de lecture estim\u00e9e":"2 minutes"},"schema":{"@context":"https:\/\/schema.org","@graph":[{"@type":"WebPage","@id":"https:\/\/revolutiongalaxy.com\/index.php\/product\/tv-32-led-hdr-recepteur-integre-tnt\/","url":"https:\/\/revolutiongalaxy.com\/index.php\/product\/tv-32-led-hdr-recepteur-integre-tnt\/","name":"T\u00e9l\u00e9vision 32 Led HDR + R\u00e9cepteur int\u00e9gr\u00e9 + TNT - R\u00e9volution Galaxy","isPartOf":{"@id":"https:\/\/revolutiongalaxy.com\/#website"},"datePublished":"2023-09-17T21:12:00+00:00","dateModified":"2025-10-06T11:08:06+00:00","breadcrumb":{"@id":"https:\/\/revolutiongalaxy.com\/index.php\/product\/tv-32-led-hdr-recepteur-integre-tnt\/#breadcrumb"},"inLanguage":"fr-FR","potentialAction":[{"@type":"ReadAction","target":["https:\/\/revolutiongalaxy.com\/index.php\/product\/tv-32-led-hdr-recepteur-integre-tnt\/"]}]},{"@type":"BreadcrumbList","@id":"https:\/\/revolutiongalaxy.com\/index.php\/product\/tv-32-led-hdr-recepteur-integre-tnt\/#breadcrumb","itemListElement":[{"@type":"ListItem","position":1,"name":"Accueil","item":"https:\/\/revolutiongalaxy.com\/"},{"@type":"ListItem","position":2,"name":"Boutique","item":"https:\/\/revolutiongalaxy.com\/index.php\/shop-2\/"},{"@type":"ListItem","position":3,"name":"T\u00e9l\u00e9vision 32 Led HDR + R\u00e9cepteur int\u00e9gr\u00e9 + TNT"}]},{"@type":"WebSite","@id":"https:\/\/revolutiongalaxy.com\/#website","url":"https:\/\/revolutiongalaxy.com\/","name":"R\u00e9volutionGalaxy.com","description":"Pour la qualit\u00e9 totale","publisher":{"@id":"https:\/\/revolutiongalaxy.com\/#organization"},"potentialAction":[{"@type":"SearchAction","target":{"@type":"EntryPoint","urlTemplate":"https:\/\/revolutiongalaxy.com\/?s={search_term_string}"},"query-input":"required name=search_term_string"}],"inLanguage":"fr-FR"},{"@type":"Organization","@id":"https:\/\/revolutiongalaxy.com\/#organization","name":"R\u00e9volutionGalaxy.com","url":"https:\/\/revolutiongalaxy.com\/","logo":{"@type":"ImageObject","inLanguage":"fr-FR","@id":"https:\/\/revolutiongalaxy.com\/#\/schema\/logo\/image\/","url":"https:\/\/revolutiongalaxy.com\/wp-content\/uploads\/2023\/09\/logo-revolution.webp","contentUrl":"https:\/\/revolutiongalaxy.com\/wp-content\/uploads\/2023\/09\/logo-revolution.webp","width":686,"height":224,"caption":"R\u00e9volutionGalaxy.com"},"image":{"@id":"https:\/\/revolutiongalaxy.com\/#\/schema\/logo\/image\/"},"sameAs":["https:\/\/www.facebook.com\/profile.php?id=100071175250346"]}]}},"_links":{"self":[{"href":"https:\/\/revolutiongalaxy.com\/index.php\/wp-json\/wp\/v2\/product\/5431","targetHints":{"allow":["GET"]}}],"collection":[{"href":"https:\/\/revolutiongalaxy.com\/index.php\/wp-json\/wp\/v2\/product"}],"about":[{"href":"https:\/\/revolutiongalaxy.com\/index.php\/wp-json\/wp\/v2\/types\/product"}],"wp:featuredmedia":[{"embeddable":true,"href":"https:\/\/revolutiongalaxy.com\/index.php\/wp-json\/wp\/v2\/media\/5544"}],"wp:attachment":[{"href":"https:\/\/revolutiongalaxy.com\/index.php\/wp-json\/wp\/v2\/media?parent=5431"}],"wp:term":[{"taxonomy":"product_cat","embeddable":true,"href":"https:\/\/revolutiongalaxy.com\/index.php\/wp-json\/wp\/v2\/product_cat?post=5431"},{"taxonomy":"product_tag","embeddable":true,"href":"https:\/\/revolutiongalaxy.com\/index.php\/wp-json\/wp\/v2\/product_tag?post=5431"}],"curies":[{"name":"wp","href":"https:\/\/api.w.org\/{rel}","templated":true}]}}