{"id":2917,"date":"2016-03-26T13:44:35","date_gmt":"2016-03-26T13:44:35","guid":{"rendered":"https:\/\/demo2.chethemes.com\/electro\/?page_id=2917"},"modified":"2023-09-17T17:33:00","modified_gmt":"2023-09-17T15:33:00","slug":"compare","status":"publish","type":"page","link":"https:\/\/revolutiongalaxy.com\/index.php\/compare\/","title":{"rendered":"Comparer nos produits"},"content":{"rendered":"    \n\n    <div class=\"outer-bottom-vs outer-top-sm compare-empty\">\n        <h1 class=\"lead-title text-center cart-empty\">\n            Aucun produit n&#039;a \u00e9t\u00e9 ajout\u00e9 au tableau de comparaison.        <\/h1>\n        \n        <p class=\"return-to-shop\">\n            <a class=\"wc-backward btn\" href=\"https:\/\/revolutiongalaxy.com\/index.php\/shop-2\/\">\n                <i class=\"fas fa-reply\"><\/i>\n                Retour \u00e0 la boutique            <\/a>\n        <\/p>\n    <\/div>\n\n\n","protected":false},"excerpt":{"rendered":"Aucun produit n&#039;a \u00e9t\u00e9 ajout\u00e9 au tableau de comparaison. Retour \u00e0 la boutique","protected":false},"author":1,"featured_media":0,"parent":0,"menu_order":0,"comment_status":"closed","ping_status":"closed","template":"","meta":{"footnotes":""},"class_list":["post-2917","page","type-page","status-publish","hentry"],"yoast_head":"<!-- This site is optimized with the Yoast SEO plugin v21.6 - https:\/\/yoast.com\/wordpress\/plugins\/seo\/ -->\n<title>Comparer nos produits - R\u00e9volution Galaxy<\/title>\n<meta name=\"robots\" content=\"index, follow, max-snippet:-1, max-image-preview:large, max-video-preview:-1\" \/>\n<link rel=\"canonical\" href=\"https:\/\/revolutiongalaxy.com\/index.php\/compare\/\" \/>\n<meta property=\"og:locale\" content=\"fr_FR\" \/>\n<meta property=\"og:type\" content=\"article\" \/>\n<meta property=\"og:title\" content=\"Comparer nos produits - R\u00e9volution Galaxy\" \/>\n<meta property=\"og:url\" content=\"https:\/\/revolutiongalaxy.com\/index.php\/compare\/\" \/>\n<meta property=\"og:site_name\" content=\"R\u00e9volution Galaxy\" \/>\n<meta property=\"article:publisher\" content=\"https:\/\/www.facebook.com\/profile.php?id=100071175250346\" \/>\n<meta property=\"article:modified_time\" content=\"2023-09-17T15:33:00+00:00\" \/>\n<meta name=\"twitter:card\" content=\"summary_large_image\" \/>\n<script type=\"application\/ld+json\" class=\"yoast-schema-graph\">{\"@context\":\"https:\/\/schema.org\",\"@graph\":[{\"@type\":\"WebPage\",\"@id\":\"https:\/\/revolutiongalaxy.com\/index.php\/compare\/\",\"url\":\"https:\/\/revolutiongalaxy.com\/index.php\/compare\/\",\"name\":\"Comparer nos produits - R\u00e9volution Galaxy\",\"isPartOf\":{\"@id\":\"https:\/\/revolutiongalaxy.com\/#website\"},\"datePublished\":\"2016-03-26T13:44:35+00:00\",\"dateModified\":\"2023-09-17T15:33:00+00:00\",\"breadcrumb\":{\"@id\":\"https:\/\/revolutiongalaxy.com\/index.php\/compare\/#breadcrumb\"},\"inLanguage\":\"fr-FR\",\"potentialAction\":[{\"@type\":\"ReadAction\",\"target\":[\"https:\/\/revolutiongalaxy.com\/index.php\/compare\/\"]}]},{\"@type\":\"BreadcrumbList\",\"@id\":\"https:\/\/revolutiongalaxy.com\/index.php\/compare\/#breadcrumb\",\"itemListElement\":[{\"@type\":\"ListItem\",\"position\":1,\"name\":\"Accueil\",\"item\":\"https:\/\/revolutiongalaxy.com\/\"},{\"@type\":\"ListItem\",\"position\":2,\"name\":\"Comparer nos produits\"}]},{\"@type\":\"WebSite\",\"@id\":\"https:\/\/revolutiongalaxy.com\/#website\",\"url\":\"https:\/\/revolutiongalaxy.com\/\",\"name\":\"R\u00e9volutionGalaxy.com\",\"description\":\"Pour la qualit\u00e9 totale\",\"publisher\":{\"@id\":\"https:\/\/revolutiongalaxy.com\/#organization\"},\"potentialAction\":[{\"@type\":\"SearchAction\",\"target\":{\"@type\":\"EntryPoint\",\"urlTemplate\":\"https:\/\/revolutiongalaxy.com\/?s={search_term_string}\"},\"query-input\":\"required name=search_term_string\"}],\"inLanguage\":\"fr-FR\"},{\"@type\":\"Organization\",\"@id\":\"https:\/\/revolutiongalaxy.com\/#organization\",\"name\":\"R\u00e9volutionGalaxy.com\",\"url\":\"https:\/\/revolutiongalaxy.com\/\",\"logo\":{\"@type\":\"ImageObject\",\"inLanguage\":\"fr-FR\",\"@id\":\"https:\/\/revolutiongalaxy.com\/#\/schema\/logo\/image\/\",\"url\":\"https:\/\/revolutiongalaxy.com\/wp-content\/uploads\/2023\/09\/logo-revolution.webp\",\"contentUrl\":\"https:\/\/revolutiongalaxy.com\/wp-content\/uploads\/2023\/09\/logo-revolution.webp\",\"width\":686,\"height\":224,\"caption\":\"R\u00e9volutionGalaxy.com\"},\"image\":{\"@id\":\"https:\/\/revolutiongalaxy.com\/#\/schema\/logo\/image\/\"},\"sameAs\":[\"https:\/\/www.facebook.com\/profile.php?id=100071175250346\"]}]}<\/script>\n<!-- \/ Yoast SEO plugin. -->","yoast_head_json":{"title":"Comparer nos produits - R\u00e9volution Galaxy","robots":{"index":"index","follow":"follow","max-snippet":"max-snippet:-1","max-image-preview":"max-image-preview:large","max-video-preview":"max-video-preview:-1"},"canonical":"https:\/\/revolutiongalaxy.com\/index.php\/compare\/","og_locale":"fr_FR","og_type":"article","og_title":"Comparer nos produits - R\u00e9volution Galaxy","og_url":"https:\/\/revolutiongalaxy.com\/index.php\/compare\/","og_site_name":"R\u00e9volution Galaxy","article_publisher":"https:\/\/www.facebook.com\/profile.php?id=100071175250346","article_modified_time":"2023-09-17T15:33:00+00:00","twitter_card":"summary_large_image","schema":{"@context":"https:\/\/schema.org","@graph":[{"@type":"WebPage","@id":"https:\/\/revolutiongalaxy.com\/index.php\/compare\/","url":"https:\/\/revolutiongalaxy.com\/index.php\/compare\/","name":"Comparer nos produits - R\u00e9volution Galaxy","isPartOf":{"@id":"https:\/\/revolutiongalaxy.com\/#website"},"datePublished":"2016-03-26T13:44:35+00:00","dateModified":"2023-09-17T15:33:00+00:00","breadcrumb":{"@id":"https:\/\/revolutiongalaxy.com\/index.php\/compare\/#breadcrumb"},"inLanguage":"fr-FR","potentialAction":[{"@type":"ReadAction","target":["https:\/\/revolutiongalaxy.com\/index.php\/compare\/"]}]},{"@type":"BreadcrumbList","@id":"https:\/\/revolutiongalaxy.com\/index.php\/compare\/#breadcrumb","itemListElement":[{"@type":"ListItem","position":1,"name":"Accueil","item":"https:\/\/revolutiongalaxy.com\/"},{"@type":"ListItem","position":2,"name":"Comparer nos produits"}]},{"@type":"WebSite","@id":"https:\/\/revolutiongalaxy.com\/#website","url":"https:\/\/revolutiongalaxy.com\/","name":"R\u00e9volutionGalaxy.com","description":"Pour la qualit\u00e9 totale","publisher":{"@id":"https:\/\/revolutiongalaxy.com\/#organization"},"potentialAction":[{"@type":"SearchAction","target":{"@type":"EntryPoint","urlTemplate":"https:\/\/revolutiongalaxy.com\/?s={search_term_string}"},"query-input":"required name=search_term_string"}],"inLanguage":"fr-FR"},{"@type":"Organization","@id":"https:\/\/revolutiongalaxy.com\/#organization","name":"R\u00e9volutionGalaxy.com","url":"https:\/\/revolutiongalaxy.com\/","logo":{"@type":"ImageObject","inLanguage":"fr-FR","@id":"https:\/\/revolutiongalaxy.com\/#\/schema\/logo\/image\/","url":"https:\/\/revolutiongalaxy.com\/wp-content\/uploads\/2023\/09\/logo-revolution.webp","contentUrl":"https:\/\/revolutiongalaxy.com\/wp-content\/uploads\/2023\/09\/logo-revolution.webp","width":686,"height":224,"caption":"R\u00e9volutionGalaxy.com"},"image":{"@id":"https:\/\/revolutiongalaxy.com\/#\/schema\/logo\/image\/"},"sameAs":["https:\/\/www.facebook.com\/profile.php?id=100071175250346"]}]}},"_links":{"self":[{"href":"https:\/\/revolutiongalaxy.com\/index.php\/wp-json\/wp\/v2\/pages\/2917","targetHints":{"allow":["GET"]}}],"collection":[{"href":"https:\/\/revolutiongalaxy.com\/index.php\/wp-json\/wp\/v2\/pages"}],"about":[{"href":"https:\/\/revolutiongalaxy.com\/index.php\/wp-json\/wp\/v2\/types\/page"}],"author":[{"embeddable":true,"href":"https:\/\/revolutiongalaxy.com\/index.php\/wp-json\/wp\/v2\/users\/1"}],"replies":[{"embeddable":true,"href":"https:\/\/revolutiongalaxy.com\/index.php\/wp-json\/wp\/v2\/comments?post=2917"}],"version-history":[{"count":1,"href":"https:\/\/revolutiongalaxy.com\/index.php\/wp-json\/wp\/v2\/pages\/2917\/revisions"}],"predecessor-version":[{"id":5401,"href":"https:\/\/revolutiongalaxy.com\/index.php\/wp-json\/wp\/v2\/pages\/2917\/revisions\/5401"}],"wp:attachment":[{"href":"https:\/\/revolutiongalaxy.com\/index.php\/wp-json\/wp\/v2\/media?parent=2917"}],"curies":[{"name":"wp","href":"https:\/\/api.w.org\/{rel}","templated":true}]}}