{"id":2183,"date":"2016-02-28T08:28:22","date_gmt":"2016-02-28T08:28:22","guid":{"rendered":"https:\/\/demo2.chethemes.com\/electro\/?page_id=2183"},"modified":"2023-09-17T18:18:52","modified_gmt":"2023-09-17T16:18:52","slug":"terms-and-conditions","status":"publish","type":"page","link":"https:\/\/revolutiongalaxy.com\/index.php\/terms-and-conditions\/","title":{"rendered":"Conditions g\u00e9n\u00e9rales de vente"},"content":{"rendered":"\r\n<div class=\"wp-block-group\"><div class=\"wp-block-group__inner-container is-layout-constrained wp-block-group-is-layout-constrained\">\r\n<h6>\u00a0<\/h6>\r\n<\/div><\/div>\r\n\r\n\r\n\r\n<section class=\"section inner-bottom-xs\">\r\n<h4><span style=\"color: #0000ff;\">Conditions G\u00e9n\u00e9rales de Vente du site web <em><strong>Revolutiongalaxy.com :<\/strong><\/em><\/span><br \/><br \/><\/h4>\r\n<h5>En naviguant sur le site, l\u2019utilisateur acqui\u00e8sce les conditions g\u00e9n\u00e9rales d\u2019utilisation suivantes:<\/h5>\r\n<h5>Le site <a href=\"https:\/\/revolutiongalaxy.com\/\">www.revolutiongalaxy.com<\/a> est un site de pr\u00e9sentation, qui a pour objet de fournir des informations sur la marque Revolution Galaxy, ses produits mis en vente et ses services. Ce site est soumis \u00e0 la loi marocaine.<\/h5>\r\n<h5>L\u2019utilisateur du site web\u00a0<a href=\"https:\/\/revolutiongalaxy.com\/\">www.revolutiongalaxy.com<\/a> reconna\u00eet disposer de la comp\u00e9tence et des moyens n\u00e9cessaires pour acc\u00e9der \u00e0 ce site et \u00e0 l\u2019utiliser. Il reconna\u00eet \u00e9galement avoir pris connaissance de la pr\u00e9sente notice l\u00e9gale et s\u2019engage \u00e0 la respecter.<\/h5>\r\n<h5>L\u2019utilisateur reconna\u00eet par ailleurs avoir \u00e9t\u00e9 inform\u00e9 que le site <a href=\"https:\/\/revolutiongalaxy.com\/\">www.revolutiongalaxy.com<\/a> est fourni sur la base d\u2019un service \u00ab en l\u2019\u00e9tat de l\u2019art \u00bb et accessible en fonction de sa disponibilit\u00e9, 24 h sur 24 et 7 jours sur 7, sauf en cas de force majeure, difficult\u00e9s informatiques, difficult\u00e9s li\u00e9es aux r\u00e9seaux de t\u00e9l\u00e9communications ou autres difficult\u00e9s techniques.<\/h5>\r\n<h5>Pour des raisons de maintenance, Revolution Galaxy pourra interrompre l\u2019acc\u00e8s au site et s\u2019efforcera d\u2019en avertir pr\u00e9alablement les utilisateurs.<\/h5>\r\n<h5>Revolution Galaxy ne saurait \u00eatre tenue responsable de l\u2019impossibilit\u00e9 d\u2019acc\u00e9der au pr\u00e9sent site.<\/h5>\r\n<h5>Revolution Galaxy par ailleurs se r\u00e9serve le droit de refuser l\u2019acc\u00e8s \u00e0 tout internaute de mani\u00e8re unilat\u00e9rale et sans aucun pr\u00e9avis ni notification pr\u00e9alable en cas de violation par ce dernier de l\u2019une des r\u00e8gles de navigation.<\/h5>\r\n<h5>Enfin, l\u2019acc\u00e8s aux produits et services d\u00e9crits sur le pr\u00e9sent site peut de surcro\u00eet faire l\u2019objet de restrictions \u00e0 l\u2019\u00e9gard de certaines personnes ou dans certains pays. Aucun des produits ou services pr\u00e9sent\u00e9s ici ne pourra \u00eatre fourni par Revolution Galaxy \u00e0 une personne si la loi de son pays d\u2019origine, ou de tout autre pays qui la concernerait, l\u2019interdit. L\u2019utilisateur est pri\u00e9 de s\u2019assurer qu\u2019il est juridiquement autoris\u00e9 \u00e0 se connecter au pr\u00e9sent site dans le pays \u00e0 partir duquel la connexion est \u00e9tablie.<\/h5>\r\n<h4><span style=\"color: #0000ff;\"><strong>Informations mises \u00e0 disposition sur le site :<\/strong><\/span><\/h4>\r\n<h5>Les informations fournies sur le site <a href=\"https:\/\/revolutiongalaxy.com\/\">www.revolutiongalaxy.com<\/a> le sont \u00e0 titre purement informatif et indicatif et constituent une pr\u00e9sentation des produits, services propos\u00e9s par Revolution Galaxy.<\/h5>\r\n<h4><span style=\"color: #0000ff;\"><strong>Revolution Galaxy d\u00e9cline en cons\u00e9quence toute responsabilit\u00e9 :<\/strong><\/span><\/h4>\r\n<h5>En cas d\u2019impr\u00e9cision, inexactitude, erreur ou omission portant sur des informations disponibles sur le site;<br \/>D\u2019une absence de disponibilit\u00e9 des informations;<br \/>Pour tous dommages, directs et\/ou indirects, quelles qu\u2019en soient les causes, origine ;<br \/>Nature ou cons\u00e9quences, provoqu\u00e9s \u00e0 raison de l\u2019acc\u00e8s de quiconque au site ou de l\u2019impossibilit\u00e9 d\u2019y acc\u00e9der;<br \/>De l\u2019utilisation du site et\/ou du cr\u00e9dit accord\u00e9 \u00e0 une quelconque information provenant directement ou indirectement du site;<br \/>De d\u00e9cisions prises sur la base d\u2019une information contenue sur le site, et de l\u2019utilisation qui pourrait en \u00eatre faite par des tiers.<br \/><strong>Revolution Galaxy<\/strong> ne garantit aucunement la qualit\u00e9 du Contenu non cr\u00e9\u00e9 par <strong>Revolution Galaxy<\/strong>\u00a0et se d\u00e9gage de toute responsabilit\u00e9 quant aux \u00e9ventuelles contestations, actions ou recours de tiers se pr\u00e9valant, notamment et non limitativement, de droits privatifs sur ledit Contenu et\/ou son utilisation.<\/h5>\r\n<h5>Aucun conseil et aucune information obtenus par l\u2019utilisateur lors de l\u2019utilisation du site Web ne sont susceptibles de cr\u00e9er des garanties et responsabilit\u00e9s non express\u00e9ment pr\u00e9vues.<\/h5>\r\n<h4><span style=\"color: #0000ff;\"><strong>Politique de liens hypertextes :<\/strong><\/span><\/h4>\r\n<h5>Les liens hypertextes mis en place dans le cadre du site <a href=\"https:\/\/revolutiongalaxy.com\/\">www.revolutiongalaxy.com<\/a> en direction d\u2019autres ressources pr\u00e9sentes sur le r\u00e9seau Internet, et notamment vers des partenaires ont fait l\u2019objet d\u2019une autorisation pr\u00e9alable et expresse.<\/h5>\r\n<h5><strong>Revolution Galaxy<\/strong> pr\u00e9sume que tous les sites cit\u00e9s dans le pr\u00e9sent site soit directement, soit indirectement sous forme d\u2019un lien hypertexte, sont honn\u00eates et \u00e9thiques. Les informations cons\u00e9cutivement contenues sur ce site ont \u00e9t\u00e9 obtenues de sources jug\u00e9es fiables et une extr\u00eame attention a \u00e9t\u00e9 port\u00e9e pour assurer l\u2019exactitude des informations.<\/h5>\r\n<h5>Toutefois, <strong>Revolution Galaxy<\/strong>\u00a0n\u2019\u00e9tant pas l\u2019\u00e9diteur de ces sites, il ne peut en contr\u00f4ler de mani\u00e8re parfaite le contenu.<\/h5>\r\n<h5>En cons\u00e9quence, <strong>Revolution Galaxy <\/strong>ne pourra en aucun cas \u00eatre tenue pour responsable du contenu des sites ainsi accessibles et notamment de leur v\u00e9racit\u00e9, actualit\u00e9, qualit\u00e9, exhaustivit\u00e9, pertinence, ill\u00e9galit\u00e9, publicit\u00e9s, produits, services ou tout autre mat\u00e9riel disponibles sur ou \u00e0 partir de ces sites ou sources externes.<\/h5>\r\n<h5><strong>Revolution Galaxy<\/strong> ne pourra de m\u00eame \u00eatre tenue pour responsable des \u00e9ventuelles collectes et transmission de donn\u00e9es personnelles, installation de cookies ou tout autre proc\u00e9d\u00e9 tendant aux m\u00eames fins, effectu\u00e9s par ces sites.<\/h5>\r\n<h5>L\u2019existence d\u2019un lien du site de <strong>Revolution Galaxy<\/strong>\u00a0vers un autre site ne constitue pas par cons\u00e9quent, une recommandation ni une validation de ce site ou de son contenu. Il appartient \u00e0 l\u2019utilisateur d\u2019utiliser ces informations avec discernement et esprit critique.<\/h5>\r\n<h5>A cet effet, l\u2019utilisateur reconna\u00eet que <strong>Revolution Galaxy<\/strong>\u00a0ne pourra \u00eatre tenue responsable de tous dommages ou pertes av\u00e9r\u00e9s ou all\u00e9gu\u00e9s, cons\u00e9cutifs ou en relation avec l\u2019utilisation ou avec le fait d\u2019avoir fait confiance, notamment et non limitativement, au Contenu, \u00e0 des biens ou des services disponibles sur ces sites ou sources externes, par voie d\u2019affichage, de transmissions par courrier \u00e9lectronique (\u00ab Email \u00bb) ou par tout autre moyen.<\/h5>\r\n<h5>La confidentialit\u00e9 et l\u2019int\u00e9grit\u00e9 des informations ne sont pas assur\u00e9es sur le r\u00e9seau Internet. Par cons\u00e9quent, les messages que l\u2019utilisateur envoie par voie \u00e9lectronique peuvent \u00eatre intercept\u00e9s et\/ou modifi\u00e9s. <strong>Revolution Galaxy<\/strong>\u00a0en d\u00e9cline toute responsabilit\u00e9.<\/h5>\r\n<h4><span style=\"color: #0000ff;\"><strong>Propri\u00e9t\u00e9 intellectuelle :<\/strong><\/span><\/h4>\r\n<h4>L\u2019ensemble des donn\u00e9es (textes, sons ou images) et bases de donn\u00e9es le cas \u00e9ch\u00e9ant, figurant sur les pages de ce site sont la propri\u00e9t\u00e9 exclusive de <strong>Revolution Galaxy<\/strong>. Toute reproduction, repr\u00e9sentation ou diffusion, en tout ou partie, du contenu ainsi que toute extraction, m\u00eame partielle, des bases de donn\u00e9es de ce site sur quelque support ou par tout proc\u00e9d\u00e9 que ce soit est interdite. Le non-respect de cette interdiction constitue une contrefa\u00e7on susceptible d\u2019engager la responsabilit\u00e9 civile et p\u00e9nale du contrefacteur.<\/h4>\r\n<h5>Les marques de <strong>Revolution Galaxy<\/strong> ainsi que<em><strong> les logos figurant sur le site sont des marques d\u00e9pos\u00e9es<\/strong><\/em>. Toute reproduction totale ou partielle de ces marques et logos \u00e0 quelque titre que ce soit, et notamment \u00e0 des fins publicitaires, effectu\u00e9e \u00e0 partir des \u00e9l\u00e9ments de ce site sans l\u2019accord pr\u00e9alable et \u00e9crit du titulaire de la marque est interdite, conform\u00e9ment aux dispositions des articles 154 et 155 de la loi 17-97 relative \u00e0 la Protection de la Propri\u00e9t\u00e9 Industrielle (telle que modifi\u00e9e et compl\u00e9t\u00e9e par la loi 31-05).<\/h5>\r\n<h4><span style=\"color: #0000ff;\"><strong>Tarification :<\/strong><\/span><\/h4>\r\n<h4>L\u2019acc\u00e8s au site de <strong>Revolution Galaxy<\/strong> est gratuit, hors fournisseurs d\u2019acc\u00e8s Internet et hors co\u00fbt de communications t\u00e9l\u00e9phoniques qui sont factur\u00e9s directement par les op\u00e9rateurs.<\/h4>\r\n<\/section>\r\n<h5>Pour toute information compl\u00e9mentaire n&#8217;h\u00e9sitez pas \u00e0 nous contactez <a href=\"https:\/\/revolutiongalaxy.com\/index.php\/contact-v1\/\">ICI<\/a> .\u00a0<\/h5>\r\n","protected":false},"excerpt":{"rendered":"<p>\u00a0 Conditions G\u00e9n\u00e9rales de Vente du site web Revolutiongalaxy.com : En naviguant sur le site, l\u2019utilisateur acqui\u00e8sce les conditions g\u00e9n\u00e9rales d\u2019utilisation suivantes: Le site www.revolutiongalaxy.com est un site de pr\u00e9sentation,<\/p>\n","protected":false},"author":1,"featured_media":0,"parent":0,"menu_order":0,"comment_status":"closed","ping_status":"closed","template":"","meta":{"footnotes":""},"class_list":["post-2183","page","type-page","status-publish","hentry"],"yoast_head":"<!-- This site is optimized with the Yoast SEO plugin v21.6 - https:\/\/yoast.com\/wordpress\/plugins\/seo\/ -->\n<title>Conditions g\u00e9n\u00e9rales de vente - R\u00e9volution Galaxy<\/title>\n<meta name=\"robots\" content=\"index, follow, max-snippet:-1, max-image-preview:large, max-video-preview:-1\" \/>\n<link rel=\"canonical\" href=\"https:\/\/revolutiongalaxy.com\/index.php\/terms-and-conditions\/\" \/>\n<meta property=\"og:locale\" content=\"fr_FR\" \/>\n<meta property=\"og:type\" content=\"article\" \/>\n<meta property=\"og:title\" content=\"Conditions g\u00e9n\u00e9rales de vente - R\u00e9volution Galaxy\" \/>\n<meta property=\"og:description\" content=\"\u00a0 Conditions G\u00e9n\u00e9rales de Vente du site web Revolutiongalaxy.com : En naviguant sur le site, l\u2019utilisateur acqui\u00e8sce les conditions g\u00e9n\u00e9rales d\u2019utilisation suivantes: Le site www.revolutiongalaxy.com est un site de pr\u00e9sentation,\" \/>\n<meta property=\"og:url\" content=\"https:\/\/revolutiongalaxy.com\/index.php\/terms-and-conditions\/\" \/>\n<meta property=\"og:site_name\" content=\"R\u00e9volution Galaxy\" \/>\n<meta property=\"article:publisher\" content=\"https:\/\/www.facebook.com\/profile.php?id=100071175250346\" \/>\n<meta property=\"article:modified_time\" content=\"2023-09-17T16:18:52+00:00\" \/>\n<meta name=\"twitter:card\" content=\"summary_large_image\" \/>\n<meta name=\"twitter:label1\" content=\"Dur\u00e9e de lecture estim\u00e9e\" \/>\n\t<meta name=\"twitter:data1\" content=\"6 minutes\" \/>\n<script type=\"application\/ld+json\" class=\"yoast-schema-graph\">{\"@context\":\"https:\/\/schema.org\",\"@graph\":[{\"@type\":\"WebPage\",\"@id\":\"https:\/\/revolutiongalaxy.com\/index.php\/terms-and-conditions\/\",\"url\":\"https:\/\/revolutiongalaxy.com\/index.php\/terms-and-conditions\/\",\"name\":\"Conditions g\u00e9n\u00e9rales de vente - R\u00e9volution Galaxy\",\"isPartOf\":{\"@id\":\"https:\/\/revolutiongalaxy.com\/#website\"},\"datePublished\":\"2016-02-28T08:28:22+00:00\",\"dateModified\":\"2023-09-17T16:18:52+00:00\",\"breadcrumb\":{\"@id\":\"https:\/\/revolutiongalaxy.com\/index.php\/terms-and-conditions\/#breadcrumb\"},\"inLanguage\":\"fr-FR\",\"potentialAction\":[{\"@type\":\"ReadAction\",\"target\":[\"https:\/\/revolutiongalaxy.com\/index.php\/terms-and-conditions\/\"]}]},{\"@type\":\"BreadcrumbList\",\"@id\":\"https:\/\/revolutiongalaxy.com\/index.php\/terms-and-conditions\/#breadcrumb\",\"itemListElement\":[{\"@type\":\"ListItem\",\"position\":1,\"name\":\"Accueil\",\"item\":\"https:\/\/revolutiongalaxy.com\/\"},{\"@type\":\"ListItem\",\"position\":2,\"name\":\"Conditions g\u00e9n\u00e9rales de vente\"}]},{\"@type\":\"WebSite\",\"@id\":\"https:\/\/revolutiongalaxy.com\/#website\",\"url\":\"https:\/\/revolutiongalaxy.com\/\",\"name\":\"R\u00e9volutionGalaxy.com\",\"description\":\"Pour la qualit\u00e9 totale\",\"publisher\":{\"@id\":\"https:\/\/revolutiongalaxy.com\/#organization\"},\"potentialAction\":[{\"@type\":\"SearchAction\",\"target\":{\"@type\":\"EntryPoint\",\"urlTemplate\":\"https:\/\/revolutiongalaxy.com\/?s={search_term_string}\"},\"query-input\":\"required name=search_term_string\"}],\"inLanguage\":\"fr-FR\"},{\"@type\":\"Organization\",\"@id\":\"https:\/\/revolutiongalaxy.com\/#organization\",\"name\":\"R\u00e9volutionGalaxy.com\",\"url\":\"https:\/\/revolutiongalaxy.com\/\",\"logo\":{\"@type\":\"ImageObject\",\"inLanguage\":\"fr-FR\",\"@id\":\"https:\/\/revolutiongalaxy.com\/#\/schema\/logo\/image\/\",\"url\":\"https:\/\/revolutiongalaxy.com\/wp-content\/uploads\/2023\/09\/logo-revolution.webp\",\"contentUrl\":\"https:\/\/revolutiongalaxy.com\/wp-content\/uploads\/2023\/09\/logo-revolution.webp\",\"width\":686,\"height\":224,\"caption\":\"R\u00e9volutionGalaxy.com\"},\"image\":{\"@id\":\"https:\/\/revolutiongalaxy.com\/#\/schema\/logo\/image\/\"},\"sameAs\":[\"https:\/\/www.facebook.com\/profile.php?id=100071175250346\"]}]}<\/script>\n<!-- \/ Yoast SEO plugin. -->","yoast_head_json":{"title":"Conditions g\u00e9n\u00e9rales de vente - R\u00e9volution Galaxy","robots":{"index":"index","follow":"follow","max-snippet":"max-snippet:-1","max-image-preview":"max-image-preview:large","max-video-preview":"max-video-preview:-1"},"canonical":"https:\/\/revolutiongalaxy.com\/index.php\/terms-and-conditions\/","og_locale":"fr_FR","og_type":"article","og_title":"Conditions g\u00e9n\u00e9rales de vente - R\u00e9volution Galaxy","og_description":"\u00a0 Conditions G\u00e9n\u00e9rales de Vente du site web Revolutiongalaxy.com : En naviguant sur le site, l\u2019utilisateur acqui\u00e8sce les conditions g\u00e9n\u00e9rales d\u2019utilisation suivantes: Le site www.revolutiongalaxy.com est un site de pr\u00e9sentation,","og_url":"https:\/\/revolutiongalaxy.com\/index.php\/terms-and-conditions\/","og_site_name":"R\u00e9volution Galaxy","article_publisher":"https:\/\/www.facebook.com\/profile.php?id=100071175250346","article_modified_time":"2023-09-17T16:18:52+00:00","twitter_card":"summary_large_image","twitter_misc":{"Dur\u00e9e de lecture estim\u00e9e":"6 minutes"},"schema":{"@context":"https:\/\/schema.org","@graph":[{"@type":"WebPage","@id":"https:\/\/revolutiongalaxy.com\/index.php\/terms-and-conditions\/","url":"https:\/\/revolutiongalaxy.com\/index.php\/terms-and-conditions\/","name":"Conditions g\u00e9n\u00e9rales de vente - R\u00e9volution Galaxy","isPartOf":{"@id":"https:\/\/revolutiongalaxy.com\/#website"},"datePublished":"2016-02-28T08:28:22+00:00","dateModified":"2023-09-17T16:18:52+00:00","breadcrumb":{"@id":"https:\/\/revolutiongalaxy.com\/index.php\/terms-and-conditions\/#breadcrumb"},"inLanguage":"fr-FR","potentialAction":[{"@type":"ReadAction","target":["https:\/\/revolutiongalaxy.com\/index.php\/terms-and-conditions\/"]}]},{"@type":"BreadcrumbList","@id":"https:\/\/revolutiongalaxy.com\/index.php\/terms-and-conditions\/#breadcrumb","itemListElement":[{"@type":"ListItem","position":1,"name":"Accueil","item":"https:\/\/revolutiongalaxy.com\/"},{"@type":"ListItem","position":2,"name":"Conditions g\u00e9n\u00e9rales de vente"}]},{"@type":"WebSite","@id":"https:\/\/revolutiongalaxy.com\/#website","url":"https:\/\/revolutiongalaxy.com\/","name":"R\u00e9volutionGalaxy.com","description":"Pour la qualit\u00e9 totale","publisher":{"@id":"https:\/\/revolutiongalaxy.com\/#organization"},"potentialAction":[{"@type":"SearchAction","target":{"@type":"EntryPoint","urlTemplate":"https:\/\/revolutiongalaxy.com\/?s={search_term_string}"},"query-input":"required name=search_term_string"}],"inLanguage":"fr-FR"},{"@type":"Organization","@id":"https:\/\/revolutiongalaxy.com\/#organization","name":"R\u00e9volutionGalaxy.com","url":"https:\/\/revolutiongalaxy.com\/","logo":{"@type":"ImageObject","inLanguage":"fr-FR","@id":"https:\/\/revolutiongalaxy.com\/#\/schema\/logo\/image\/","url":"https:\/\/revolutiongalaxy.com\/wp-content\/uploads\/2023\/09\/logo-revolution.webp","contentUrl":"https:\/\/revolutiongalaxy.com\/wp-content\/uploads\/2023\/09\/logo-revolution.webp","width":686,"height":224,"caption":"R\u00e9volutionGalaxy.com"},"image":{"@id":"https:\/\/revolutiongalaxy.com\/#\/schema\/logo\/image\/"},"sameAs":["https:\/\/www.facebook.com\/profile.php?id=100071175250346"]}]}},"_links":{"self":[{"href":"https:\/\/revolutiongalaxy.com\/index.php\/wp-json\/wp\/v2\/pages\/2183","targetHints":{"allow":["GET"]}}],"collection":[{"href":"https:\/\/revolutiongalaxy.com\/index.php\/wp-json\/wp\/v2\/pages"}],"about":[{"href":"https:\/\/revolutiongalaxy.com\/index.php\/wp-json\/wp\/v2\/types\/page"}],"author":[{"embeddable":true,"href":"https:\/\/revolutiongalaxy.com\/index.php\/wp-json\/wp\/v2\/users\/1"}],"replies":[{"embeddable":true,"href":"https:\/\/revolutiongalaxy.com\/index.php\/wp-json\/wp\/v2\/comments?post=2183"}],"version-history":[{"count":8,"href":"https:\/\/revolutiongalaxy.com\/index.php\/wp-json\/wp\/v2\/pages\/2183\/revisions"}],"predecessor-version":[{"id":5418,"href":"https:\/\/revolutiongalaxy.com\/index.php\/wp-json\/wp\/v2\/pages\/2183\/revisions\/5418"}],"wp:attachment":[{"href":"https:\/\/revolutiongalaxy.com\/index.php\/wp-json\/wp\/v2\/media?parent=2183"}],"curies":[{"name":"wp","href":"https:\/\/api.w.org\/{rel}","templated":true}]}}